{"id":6683,"date":"2024-09-16T11:06:39","date_gmt":"2024-09-16T10:06:39","guid":{"rendered":"https:\/\/redes.fa.ulisboa.pt\/members\/ana-paula-freitas\/"},"modified":"2024-09-16T13:35:40","modified_gmt":"2024-09-16T12:35:40","slug":"ana-paula-freitas","status":"publish","type":"page","link":"https:\/\/redes.fa.ulisboa.pt\/en\/members\/ana-paula-freitas\/","title":{"rendered":"Ana Paula Freitas"},"content":{"rendered":"\t\t<div data-elementor-type=\"wp-page\" data-elementor-id=\"6683\" class=\"elementor elementor-6683\" data-elementor-post-type=\"page\">\n\t\t\t\t\t\t<section class=\"elementor-section elementor-top-section elementor-element elementor-element-6e5b958 max-width--1000px content-centered elementor-section-boxed elementor-section-height-default elementor-section-height-default qodef-elementor-content-no\" data-id=\"6e5b958\" data-element_type=\"section\" data-e-type=\"section\">\n\t\t\t\t\t\t<div class=\"elementor-container elementor-column-gap-custom\">\n\t\t\t\t\t<div class=\"elementor-column elementor-col-33 elementor-top-column elementor-element elementor-element-8d0d886\" data-id=\"8d0d886\" data-element_type=\"column\" data-e-type=\"column\">\n\t\t\t<div class=\"elementor-widget-wrap elementor-element-populated\">\n\t\t\t\t\t\t<div class=\"elementor-element elementor-element-921f430 member-detail-img elementor-widget elementor-widget-image\" data-id=\"921f430\" data-element_type=\"widget\" data-e-type=\"widget\" data-widget_type=\"image.default\">\n\t\t\t\t<div class=\"elementor-widget-container\">\n\t\t\t\t\t\t\t\t\t\t\t\t\t\t\t<img fetchpriority=\"high\" decoding=\"async\" width=\"500\" height=\"500\" src=\"https:\/\/redes.fa.ulisboa.pt\/wp-content\/uploads\/2022\/08\/apf.jpg\" class=\"attachment-large size-large wp-image-2410\" alt=\"REDES\" srcset=\"https:\/\/redes.fa.ulisboa.pt\/wp-content\/uploads\/2022\/08\/apf.jpg 500w, https:\/\/redes.fa.ulisboa.pt\/wp-content\/uploads\/2022\/08\/apf-300x300.jpg 300w, https:\/\/redes.fa.ulisboa.pt\/wp-content\/uploads\/2022\/08\/apf-150x150.jpg 150w\" sizes=\"(max-width: 500px) 100vw, 500px\" \/>\t\t\t\t\t\t\t\t\t\t\t\t\t\t\t<\/div>\n\t\t\t\t<\/div>\n\t\t\t\t\t<\/div>\n\t\t<\/div>\n\t\t\t\t<div class=\"elementor-column elementor-col-66 elementor-top-column elementor-element elementor-element-44ce0f5\" data-id=\"44ce0f5\" data-element_type=\"column\" data-e-type=\"column\">\n\t\t\t<div class=\"elementor-widget-wrap elementor-element-populated\">\n\t\t\t\t\t\t<div class=\"elementor-element elementor-element-b377c04 elementor-widget elementor-widget-heading\" data-id=\"b377c04\" data-element_type=\"widget\" data-e-type=\"widget\" data-widget_type=\"heading.default\">\n\t\t\t\t<div class=\"elementor-widget-container\">\n\t\t\t\t\t<h1 class=\"elementor-heading-title elementor-size-xl\">Ana Paula Freitas<\/h1>\t\t\t\t<\/div>\n\t\t\t\t<\/div>\n\t\t\t\t<div class=\"elementor-element elementor-element-01c0327 elementor-widget elementor-widget-text-editor\" data-id=\"01c0327\" data-element_type=\"widget\" data-e-type=\"widget\" data-widget_type=\"text-editor.default\">\n\t\t\t\t<div class=\"elementor-widget-container\">\n\t\t\t\t\t\t\t\t\t<span style=\"font-family: Raleway, sans-serif; font-size: 17px; white-space-collapse: preserve; font-style: inherit; font-weight: inherit; letter-spacing: inherit; text-transform: inherit;\">Ana Paula Nazar\u00e9 de Freitas is an assistant professor at the State University of Par\u00e1 (UEPA) in the Bachelor of Design programme. She completed her PHD in Design at the University of Lisbon, Faculty of Architecture (FAUL) in 2024. She is master in Sociology at the State University of Cear\u00e1 in 2010, specialised in Packaging Design at the Technological University of Paran\u00e1 in 2003 and graduated in Social Communication at the Federal University of Par\u00e1.<\/span>\n<p style=\"font-family: Raleway, sans-serif; font-size: 17px; white-space-collapse: preserve; font-style: inherit; font-weight: inherit; letter-spacing: inherit; text-transform: inherit;\">She is currently researching design education with a focus on soft skills. She also works on research on participatory design, social design and communication design.<\/p>\t\t\t\t\t\t\t\t<\/div>\n\t\t\t\t<\/div>\n\t\t\t\t<div class=\"elementor-element elementor-element-9090cf4 elementor-widget elementor-widget-text-editor\" data-id=\"9090cf4\" data-element_type=\"widget\" data-e-type=\"widget\" data-widget_type=\"text-editor.default\">\n\t\t\t\t<div class=\"elementor-widget-container\">\n\t\t\t\t\t\t\t\t\t<h5>Projects<\/h5>\t\t\t\t\t\t\t\t<\/div>\n\t\t\t\t<\/div>\n\t\t\t\t<div class=\"elementor-element elementor-element-fe8913b elementor-widget elementor-widget-text-editor\" data-id=\"fe8913b\" data-element_type=\"widget\" data-e-type=\"widget\" data-widget_type=\"text-editor.default\">\n\t\t\t\t<div class=\"elementor-widget-container\">\n\t\t\t\t\t\t\t\t\t<ul><li><a href=\"https:\/\/redes.fa.ulisboa.pt\/projetos\/soft-skills-in-design-education-strategies-to-enhance-teaching-and-learning\/\" target=\"_blank\" rel=\"noopener\">Soft Skills in Design Education: Strategies to enhance teaching and learning<\/a><\/li><\/ul>\t\t\t\t\t\t\t\t<\/div>\n\t\t\t\t<\/div>\n\t\t\t\t\t<\/div>\n\t\t<\/div>\n\t\t\t\t\t<\/div>\n\t\t<\/section>\n\t\t\t\t<section class=\"elementor-section elementor-top-section elementor-element elementor-element-ee143ef max-width--900px content-centered elementor-section-boxed elementor-section-height-default elementor-section-height-default qodef-elementor-content-no\" data-id=\"ee143ef\" data-element_type=\"section\" data-e-type=\"section\">\n\t\t\t\t\t\t<div class=\"elementor-container elementor-column-gap-default\">\n\t\t\t\t\t<div class=\"elementor-column elementor-col-100 elementor-top-column elementor-element elementor-element-26ac852\" data-id=\"26ac852\" data-element_type=\"column\" data-e-type=\"column\">\n\t\t\t<div class=\"elementor-widget-wrap elementor-element-populated\">\n\t\t\t\t\t\t<div class=\"elementor-element elementor-element-ac35932 elementor-widget elementor-widget-text-editor\" data-id=\"ac35932\" data-element_type=\"widget\" data-e-type=\"widget\" data-widget_type=\"text-editor.default\">\n\t\t\t\t<div class=\"elementor-widget-container\">\n\t\t\t\t\t\t\t\t\t<p><a class=\"news-back-btn\" href=\"https:\/\/redes.fa.ulisboa.pt\/members\/\">\u2190 Back to Members<\/a><\/p>\t\t\t\t\t\t\t\t<\/div>\n\t\t\t\t<\/div>\n\t\t\t\t\t<\/div>\n\t\t<\/div>\n\t\t\t\t\t<\/div>\n\t\t<\/section>\n\t\t\t\t<\/div>\n\t\t","protected":false},"excerpt":{"rendered":"<p>Ana Paula Freitas Ana Paula Nazar\u00e9 de Freitas is an assistant professor at the State University of Par\u00e1 (UEPA) in the Bachelor of Design programme. She completed her PHD in Design at the University of Lisbon, Faculty of Architecture (FAUL) in 2024. She is master in Sociology at the State University of Cear\u00e1 in 2010, [&hellip;]<\/p>\n","protected":false},"author":1,"featured_media":0,"parent":3943,"menu_order":16,"comment_status":"closed","ping_status":"closed","template":"","meta":{"inline_featured_image":false,"footnotes":""},"class_list":["post-6683","page","type-page","status-publish","hentry"],"yoast_head":"<!-- This site is optimized with the Yoast SEO plugin v27.4 - https:\/\/yoast.com\/product\/yoast-seo-wordpress\/ -->\n<title>Ana Paula Freitas - REDES<\/title>\n<meta name=\"robots\" content=\"index, follow, max-snippet:-1, max-image-preview:large, max-video-preview:-1\" \/>\n<link rel=\"canonical\" href=\"https:\/\/redes.fa.ulisboa.pt\/en\/members\/ana-paula-freitas\/\" \/>\n<meta property=\"og:locale\" content=\"en_US\" \/>\n<meta property=\"og:type\" content=\"article\" \/>\n<meta property=\"og:title\" content=\"Ana Paula Freitas - REDES\" \/>\n<meta property=\"og:description\" content=\"Ana Paula Freitas Ana Paula Nazar\u00e9 de Freitas is an assistant professor at the State University of Par\u00e1 (UEPA) in the Bachelor of Design programme. She completed her PHD in Design at the University of Lisbon, Faculty of Architecture (FAUL) in 2024. She is master in Sociology at the State University of Cear\u00e1 in 2010, [&hellip;]\" \/>\n<meta property=\"og:url\" content=\"https:\/\/redes.fa.ulisboa.pt\/en\/members\/ana-paula-freitas\/\" \/>\n<meta property=\"og:site_name\" content=\"REDES\" \/>\n<meta property=\"article:modified_time\" content=\"2024-09-16T12:35:40+00:00\" \/>\n<meta property=\"og:image\" content=\"https:\/\/redes.fa.ulisboa.pt\/wp-content\/uploads\/2022\/08\/apf.jpg\" \/>\n<meta name=\"twitter:card\" content=\"summary_large_image\" \/>\n<meta name=\"twitter:label1\" content=\"Est. reading time\" \/>\n\t<meta name=\"twitter:data1\" content=\"1 minute\" \/>\n<script type=\"application\/ld+json\" class=\"yoast-schema-graph\">{\"@context\":\"https:\\\/\\\/schema.org\",\"@graph\":[{\"@type\":\"WebPage\",\"@id\":\"https:\\\/\\\/redes.fa.ulisboa.pt\\\/en\\\/members\\\/ana-paula-freitas\\\/\",\"url\":\"https:\\\/\\\/redes.fa.ulisboa.pt\\\/en\\\/members\\\/ana-paula-freitas\\\/\",\"name\":\"Ana Paula Freitas - REDES\",\"isPartOf\":{\"@id\":\"https:\\\/\\\/redes.fa.ulisboa.pt\\\/#website\"},\"primaryImageOfPage\":{\"@id\":\"https:\\\/\\\/redes.fa.ulisboa.pt\\\/en\\\/members\\\/ana-paula-freitas\\\/#primaryimage\"},\"image\":{\"@id\":\"https:\\\/\\\/redes.fa.ulisboa.pt\\\/en\\\/members\\\/ana-paula-freitas\\\/#primaryimage\"},\"thumbnailUrl\":\"https:\\\/\\\/redes.fa.ulisboa.pt\\\/wp-content\\\/uploads\\\/2022\\\/08\\\/apf.jpg\",\"datePublished\":\"2024-09-16T10:06:39+00:00\",\"dateModified\":\"2024-09-16T12:35:40+00:00\",\"breadcrumb\":{\"@id\":\"https:\\\/\\\/redes.fa.ulisboa.pt\\\/en\\\/members\\\/ana-paula-freitas\\\/#breadcrumb\"},\"inLanguage\":\"en-US\",\"potentialAction\":[{\"@type\":\"ReadAction\",\"target\":[\"https:\\\/\\\/redes.fa.ulisboa.pt\\\/en\\\/members\\\/ana-paula-freitas\\\/\"]}]},{\"@type\":\"ImageObject\",\"inLanguage\":\"en-US\",\"@id\":\"https:\\\/\\\/redes.fa.ulisboa.pt\\\/en\\\/members\\\/ana-paula-freitas\\\/#primaryimage\",\"url\":\"https:\\\/\\\/redes.fa.ulisboa.pt\\\/wp-content\\\/uploads\\\/2022\\\/08\\\/apf.jpg\",\"contentUrl\":\"https:\\\/\\\/redes.fa.ulisboa.pt\\\/wp-content\\\/uploads\\\/2022\\\/08\\\/apf.jpg\"},{\"@type\":\"BreadcrumbList\",\"@id\":\"https:\\\/\\\/redes.fa.ulisboa.pt\\\/en\\\/members\\\/ana-paula-freitas\\\/#breadcrumb\",\"itemListElement\":[{\"@type\":\"ListItem\",\"position\":1,\"name\":\"Home\",\"item\":\"https:\\\/\\\/redes.fa.ulisboa.pt\\\/en\\\/\"},{\"@type\":\"ListItem\",\"position\":2,\"name\":\"Members\",\"item\":\"https:\\\/\\\/redes.fa.ulisboa.pt\\\/en\\\/members\\\/\"},{\"@type\":\"ListItem\",\"position\":3,\"name\":\"Ana Paula Freitas\"}]},{\"@type\":\"WebSite\",\"@id\":\"https:\\\/\\\/redes.fa.ulisboa.pt\\\/#website\",\"url\":\"https:\\\/\\\/redes.fa.ulisboa.pt\\\/\",\"name\":\"REDES\",\"description\":\"Research &amp; Education in Design\",\"publisher\":{\"@id\":\"https:\\\/\\\/redes.fa.ulisboa.pt\\\/#organization\"},\"potentialAction\":[{\"@type\":\"SearchAction\",\"target\":{\"@type\":\"EntryPoint\",\"urlTemplate\":\"https:\\\/\\\/redes.fa.ulisboa.pt\\\/?s={search_term_string}\"},\"query-input\":{\"@type\":\"PropertyValueSpecification\",\"valueRequired\":true,\"valueName\":\"search_term_string\"}}],\"inLanguage\":\"en-US\"},{\"@type\":\"Organization\",\"@id\":\"https:\\\/\\\/redes.fa.ulisboa.pt\\\/#organization\",\"name\":\"REDES\",\"url\":\"https:\\\/\\\/redes.fa.ulisboa.pt\\\/\",\"logo\":{\"@type\":\"ImageObject\",\"inLanguage\":\"en-US\",\"@id\":\"https:\\\/\\\/redes.fa.ulisboa.pt\\\/#\\\/schema\\\/logo\\\/image\\\/\",\"url\":\"https:\\\/\\\/redes.fa.ulisboa.pt\\\/wp-content\\\/uploads\\\/2022\\\/08\\\/logo.svg\",\"contentUrl\":\"https:\\\/\\\/redes.fa.ulisboa.pt\\\/wp-content\\\/uploads\\\/2022\\\/08\\\/logo.svg\",\"width\":378,\"height\":235,\"caption\":\"REDES\"},\"image\":{\"@id\":\"https:\\\/\\\/redes.fa.ulisboa.pt\\\/#\\\/schema\\\/logo\\\/image\\\/\"}}]}<\/script>\n<!-- \/ Yoast SEO plugin. -->","yoast_head_json":{"title":"Ana Paula Freitas - REDES","robots":{"index":"index","follow":"follow","max-snippet":"max-snippet:-1","max-image-preview":"max-image-preview:large","max-video-preview":"max-video-preview:-1"},"canonical":"https:\/\/redes.fa.ulisboa.pt\/en\/members\/ana-paula-freitas\/","og_locale":"en_US","og_type":"article","og_title":"Ana Paula Freitas - REDES","og_description":"Ana Paula Freitas Ana Paula Nazar\u00e9 de Freitas is an assistant professor at the State University of Par\u00e1 (UEPA) in the Bachelor of Design programme. She completed her PHD in Design at the University of Lisbon, Faculty of Architecture (FAUL) in 2024. She is master in Sociology at the State University of Cear\u00e1 in 2010, [&hellip;]","og_url":"https:\/\/redes.fa.ulisboa.pt\/en\/members\/ana-paula-freitas\/","og_site_name":"REDES","article_modified_time":"2024-09-16T12:35:40+00:00","og_image":[{"url":"https:\/\/redes.fa.ulisboa.pt\/wp-content\/uploads\/2022\/08\/apf.jpg","type":"","width":"","height":""}],"twitter_card":"summary_large_image","twitter_misc":{"Est. reading time":"1 minute"},"schema":{"@context":"https:\/\/schema.org","@graph":[{"@type":"WebPage","@id":"https:\/\/redes.fa.ulisboa.pt\/en\/members\/ana-paula-freitas\/","url":"https:\/\/redes.fa.ulisboa.pt\/en\/members\/ana-paula-freitas\/","name":"Ana Paula Freitas - REDES","isPartOf":{"@id":"https:\/\/redes.fa.ulisboa.pt\/#website"},"primaryImageOfPage":{"@id":"https:\/\/redes.fa.ulisboa.pt\/en\/members\/ana-paula-freitas\/#primaryimage"},"image":{"@id":"https:\/\/redes.fa.ulisboa.pt\/en\/members\/ana-paula-freitas\/#primaryimage"},"thumbnailUrl":"https:\/\/redes.fa.ulisboa.pt\/wp-content\/uploads\/2022\/08\/apf.jpg","datePublished":"2024-09-16T10:06:39+00:00","dateModified":"2024-09-16T12:35:40+00:00","breadcrumb":{"@id":"https:\/\/redes.fa.ulisboa.pt\/en\/members\/ana-paula-freitas\/#breadcrumb"},"inLanguage":"en-US","potentialAction":[{"@type":"ReadAction","target":["https:\/\/redes.fa.ulisboa.pt\/en\/members\/ana-paula-freitas\/"]}]},{"@type":"ImageObject","inLanguage":"en-US","@id":"https:\/\/redes.fa.ulisboa.pt\/en\/members\/ana-paula-freitas\/#primaryimage","url":"https:\/\/redes.fa.ulisboa.pt\/wp-content\/uploads\/2022\/08\/apf.jpg","contentUrl":"https:\/\/redes.fa.ulisboa.pt\/wp-content\/uploads\/2022\/08\/apf.jpg"},{"@type":"BreadcrumbList","@id":"https:\/\/redes.fa.ulisboa.pt\/en\/members\/ana-paula-freitas\/#breadcrumb","itemListElement":[{"@type":"ListItem","position":1,"name":"Home","item":"https:\/\/redes.fa.ulisboa.pt\/en\/"},{"@type":"ListItem","position":2,"name":"Members","item":"https:\/\/redes.fa.ulisboa.pt\/en\/members\/"},{"@type":"ListItem","position":3,"name":"Ana Paula Freitas"}]},{"@type":"WebSite","@id":"https:\/\/redes.fa.ulisboa.pt\/#website","url":"https:\/\/redes.fa.ulisboa.pt\/","name":"REDES","description":"Research &amp; Education in Design","publisher":{"@id":"https:\/\/redes.fa.ulisboa.pt\/#organization"},"potentialAction":[{"@type":"SearchAction","target":{"@type":"EntryPoint","urlTemplate":"https:\/\/redes.fa.ulisboa.pt\/?s={search_term_string}"},"query-input":{"@type":"PropertyValueSpecification","valueRequired":true,"valueName":"search_term_string"}}],"inLanguage":"en-US"},{"@type":"Organization","@id":"https:\/\/redes.fa.ulisboa.pt\/#organization","name":"REDES","url":"https:\/\/redes.fa.ulisboa.pt\/","logo":{"@type":"ImageObject","inLanguage":"en-US","@id":"https:\/\/redes.fa.ulisboa.pt\/#\/schema\/logo\/image\/","url":"https:\/\/redes.fa.ulisboa.pt\/wp-content\/uploads\/2022\/08\/logo.svg","contentUrl":"https:\/\/redes.fa.ulisboa.pt\/wp-content\/uploads\/2022\/08\/logo.svg","width":378,"height":235,"caption":"REDES"},"image":{"@id":"https:\/\/redes.fa.ulisboa.pt\/#\/schema\/logo\/image\/"}}]}},"_links":{"self":[{"href":"https:\/\/redes.fa.ulisboa.pt\/en\/wp-json\/wp\/v2\/pages\/6683","targetHints":{"allow":["GET"]}}],"collection":[{"href":"https:\/\/redes.fa.ulisboa.pt\/en\/wp-json\/wp\/v2\/pages"}],"about":[{"href":"https:\/\/redes.fa.ulisboa.pt\/en\/wp-json\/wp\/v2\/types\/page"}],"author":[{"embeddable":true,"href":"https:\/\/redes.fa.ulisboa.pt\/en\/wp-json\/wp\/v2\/users\/1"}],"replies":[{"embeddable":true,"href":"https:\/\/redes.fa.ulisboa.pt\/en\/wp-json\/wp\/v2\/comments?post=6683"}],"version-history":[{"count":21,"href":"https:\/\/redes.fa.ulisboa.pt\/en\/wp-json\/wp\/v2\/pages\/6683\/revisions"}],"predecessor-version":[{"id":6793,"href":"https:\/\/redes.fa.ulisboa.pt\/en\/wp-json\/wp\/v2\/pages\/6683\/revisions\/6793"}],"up":[{"embeddable":true,"href":"https:\/\/redes.fa.ulisboa.pt\/en\/wp-json\/wp\/v2\/pages\/3943"}],"wp:attachment":[{"href":"https:\/\/redes.fa.ulisboa.pt\/en\/wp-json\/wp\/v2\/media?parent=6683"}],"curies":[{"name":"wp","href":"https:\/\/api.w.org\/{rel}","templated":true}]}}