{"id":3969,"date":"2022-08-29T14:32:47","date_gmt":"2022-08-29T13:32:47","guid":{"rendered":"https:\/\/redes.fa.ulisboa.pt\/contact\/"},"modified":"2023-11-16T18:20:35","modified_gmt":"2023-11-16T18:20:35","slug":"contact","status":"publish","type":"page","link":"https:\/\/redes.fa.ulisboa.pt\/en\/contact\/","title":{"rendered":"Contact"},"content":{"rendered":"\t\t<div data-elementor-type=\"wp-page\" data-elementor-id=\"3969\" class=\"elementor elementor-3969\" data-elementor-post-type=\"page\">\n\t\t\t\t\t\t<section class=\"elementor-section elementor-top-section elementor-element elementor-element-692071d elementor-section-boxed elementor-section-height-default elementor-section-height-default qodef-elementor-content-no\" data-id=\"692071d\" data-element_type=\"section\" data-e-type=\"section\">\n\t\t\t\t\t\t<div class=\"elementor-container elementor-column-gap-default\">\n\t\t\t\t\t<div class=\"elementor-column elementor-col-50 elementor-top-column elementor-element elementor-element-2b5e069\" data-id=\"2b5e069\" data-element_type=\"column\" data-e-type=\"column\">\n\t\t\t<div class=\"elementor-widget-wrap elementor-element-populated\">\n\t\t\t\t\t\t<div class=\"elementor-element elementor-element-d285be0 contacts-txt-block elementor-invisible elementor-widget elementor-widget-text-editor\" data-id=\"d285be0\" data-element_type=\"widget\" data-e-type=\"widget\" data-settings=\"{&quot;_animation&quot;:&quot;fadeInUp&quot;}\" data-widget_type=\"text-editor.default\">\n\t\t\t\t<div class=\"elementor-widget-container\">\n\t\t\t\t\t\t\t\t\t<h4>Lisbon School of Architecture<br \/>University of Lisbon<\/h4><h5>CIAUD &#8211; Centro de Investiga\u00e7\u00e3o em Arquitetura, Urbanismo e Design<\/h5><p><a href=\"https:\/\/g.page\/fa-ulisboa?share\" target=\"_blank\" rel=\"noopener\">Rua S\u00e1 Nogueira<br \/>P\u00f3lo Universit\u00e1rio &#8211; Alto da Ajuda<br \/>1349-055 Lisboa<\/a><\/p><p><a href=\"mailto:redes@fa.ulisboa.pt\">redes@fa.ulisboa.pt<\/a><\/p>\t\t\t\t\t\t\t\t<\/div>\n\t\t\t\t<\/div>\n\t\t\t\t\t<\/div>\n\t\t<\/div>\n\t\t\t\t<div class=\"elementor-column elementor-col-50 elementor-top-column elementor-element elementor-element-e177ced\" data-id=\"e177ced\" data-element_type=\"column\" data-e-type=\"column\">\n\t\t\t<div class=\"elementor-widget-wrap elementor-element-populated\">\n\t\t\t\t\t\t<div class=\"elementor-element elementor-element-b28a82b contacts-map elementor-invisible elementor-widget elementor-widget-lekker_core_google_map\" data-id=\"b28a82b\" data-element_type=\"widget\" data-e-type=\"widget\" data-settings=\"{&quot;_animation&quot;:&quot;fadeInUp&quot;}\" data-widget_type=\"lekker_core_google_map.default\">\n\t\t\t\t<div class=\"elementor-widget-container\">\n\t\t\t\t\t<div class=\"qodef-shortcode qodef-m  qodef-google-map\">\n\t<div class=\"qodef-m-map\" id=\"qodef-map-id--543\" data-addresses='[\"Faculdade de Arquitetura da Universidade de Lisboa Rua S\u00e1 Nogueira, P\u00f3lo Univerit\u00e1rio - Alto da Ajuda 1349-055 Lisboa\"]' data-pin=https:\/\/redes.fa.ulisboa.pt\/wp-content\/uploads\/2022\/08\/pin-40.svg data-unique-id=543 data-height=400><\/div>\n<\/div>\t\t\t\t<\/div>\n\t\t\t\t<\/div>\n\t\t\t\t\t<\/div>\n\t\t<\/div>\n\t\t\t\t\t<\/div>\n\t\t<\/section>\n\t\t\t\t<\/div>\n\t\t","protected":false},"excerpt":{"rendered":"<p>Lisbon School of ArchitectureUniversity of Lisbon CIAUD &#8211; Centro de Investiga\u00e7\u00e3o em Arquitetura, Urbanismo e Design Rua S\u00e1 NogueiraP\u00f3lo Universit\u00e1rio &#8211; Alto da Ajuda1349-055 Lisboa redes@fa.ulisboa.pt<\/p>\n","protected":false},"author":1,"featured_media":0,"parent":0,"menu_order":39,"comment_status":"closed","ping_status":"closed","template":"","meta":{"inline_featured_image":false,"footnotes":""},"class_list":["post-3969","page","type-page","status-publish","hentry"],"yoast_head":"<!-- This site is optimized with the Yoast SEO plugin v27.4 - https:\/\/yoast.com\/product\/yoast-seo-wordpress\/ -->\n<title>Contact - REDES<\/title>\n<meta name=\"robots\" content=\"index, follow, max-snippet:-1, max-image-preview:large, max-video-preview:-1\" \/>\n<link rel=\"canonical\" href=\"https:\/\/redes.fa.ulisboa.pt\/en\/contact\/\" \/>\n<meta property=\"og:locale\" content=\"en_US\" \/>\n<meta property=\"og:type\" content=\"article\" \/>\n<meta property=\"og:title\" content=\"Contact - REDES\" \/>\n<meta property=\"og:description\" content=\"Lisbon School of ArchitectureUniversity of Lisbon CIAUD &#8211; Centro de Investiga\u00e7\u00e3o em Arquitetura, Urbanismo e Design Rua S\u00e1 NogueiraP\u00f3lo Universit\u00e1rio &#8211; Alto da Ajuda1349-055 Lisboa redes@fa.ulisboa.pt\" \/>\n<meta property=\"og:url\" content=\"https:\/\/redes.fa.ulisboa.pt\/en\/contact\/\" \/>\n<meta property=\"og:site_name\" content=\"REDES\" \/>\n<meta property=\"article:modified_time\" content=\"2023-11-16T18:20:35+00:00\" \/>\n<meta property=\"og:image\" content=\"https:\/\/redes.fa.ulisboa.pt\/wp-content\/uploads\/2022\/09\/social.png\" \/>\n\t<meta property=\"og:image:width\" content=\"1200\" \/>\n\t<meta property=\"og:image:height\" content=\"630\" \/>\n\t<meta property=\"og:image:type\" content=\"image\/png\" \/>\n<meta name=\"twitter:card\" content=\"summary_large_image\" \/>\n<script type=\"application\/ld+json\" class=\"yoast-schema-graph\">{\"@context\":\"https:\\\/\\\/schema.org\",\"@graph\":[{\"@type\":\"WebPage\",\"@id\":\"https:\\\/\\\/redes.fa.ulisboa.pt\\\/en\\\/contact\\\/\",\"url\":\"https:\\\/\\\/redes.fa.ulisboa.pt\\\/en\\\/contact\\\/\",\"name\":\"Contact - REDES\",\"isPartOf\":{\"@id\":\"https:\\\/\\\/redes.fa.ulisboa.pt\\\/#website\"},\"datePublished\":\"2022-08-29T13:32:47+00:00\",\"dateModified\":\"2023-11-16T18:20:35+00:00\",\"breadcrumb\":{\"@id\":\"https:\\\/\\\/redes.fa.ulisboa.pt\\\/en\\\/contact\\\/#breadcrumb\"},\"inLanguage\":\"en-US\",\"potentialAction\":[{\"@type\":\"ReadAction\",\"target\":[\"https:\\\/\\\/redes.fa.ulisboa.pt\\\/en\\\/contact\\\/\"]}]},{\"@type\":\"BreadcrumbList\",\"@id\":\"https:\\\/\\\/redes.fa.ulisboa.pt\\\/en\\\/contact\\\/#breadcrumb\",\"itemListElement\":[{\"@type\":\"ListItem\",\"position\":1,\"name\":\"Home\",\"item\":\"https:\\\/\\\/redes.fa.ulisboa.pt\\\/en\\\/\"},{\"@type\":\"ListItem\",\"position\":2,\"name\":\"Contact\"}]},{\"@type\":\"WebSite\",\"@id\":\"https:\\\/\\\/redes.fa.ulisboa.pt\\\/#website\",\"url\":\"https:\\\/\\\/redes.fa.ulisboa.pt\\\/\",\"name\":\"REDES\",\"description\":\"Research &amp; Education in Design\",\"publisher\":{\"@id\":\"https:\\\/\\\/redes.fa.ulisboa.pt\\\/#organization\"},\"potentialAction\":[{\"@type\":\"SearchAction\",\"target\":{\"@type\":\"EntryPoint\",\"urlTemplate\":\"https:\\\/\\\/redes.fa.ulisboa.pt\\\/?s={search_term_string}\"},\"query-input\":{\"@type\":\"PropertyValueSpecification\",\"valueRequired\":true,\"valueName\":\"search_term_string\"}}],\"inLanguage\":\"en-US\"},{\"@type\":\"Organization\",\"@id\":\"https:\\\/\\\/redes.fa.ulisboa.pt\\\/#organization\",\"name\":\"REDES\",\"url\":\"https:\\\/\\\/redes.fa.ulisboa.pt\\\/\",\"logo\":{\"@type\":\"ImageObject\",\"inLanguage\":\"en-US\",\"@id\":\"https:\\\/\\\/redes.fa.ulisboa.pt\\\/#\\\/schema\\\/logo\\\/image\\\/\",\"url\":\"https:\\\/\\\/redes.fa.ulisboa.pt\\\/wp-content\\\/uploads\\\/2022\\\/08\\\/logo.svg\",\"contentUrl\":\"https:\\\/\\\/redes.fa.ulisboa.pt\\\/wp-content\\\/uploads\\\/2022\\\/08\\\/logo.svg\",\"width\":378,\"height\":235,\"caption\":\"REDES\"},\"image\":{\"@id\":\"https:\\\/\\\/redes.fa.ulisboa.pt\\\/#\\\/schema\\\/logo\\\/image\\\/\"}}]}<\/script>\n<!-- \/ Yoast SEO plugin. -->","yoast_head_json":{"title":"Contact - REDES","robots":{"index":"index","follow":"follow","max-snippet":"max-snippet:-1","max-image-preview":"max-image-preview:large","max-video-preview":"max-video-preview:-1"},"canonical":"https:\/\/redes.fa.ulisboa.pt\/en\/contact\/","og_locale":"en_US","og_type":"article","og_title":"Contact - REDES","og_description":"Lisbon School of ArchitectureUniversity of Lisbon CIAUD &#8211; Centro de Investiga\u00e7\u00e3o em Arquitetura, Urbanismo e Design Rua S\u00e1 NogueiraP\u00f3lo Universit\u00e1rio &#8211; Alto da Ajuda1349-055 Lisboa redes@fa.ulisboa.pt","og_url":"https:\/\/redes.fa.ulisboa.pt\/en\/contact\/","og_site_name":"REDES","article_modified_time":"2023-11-16T18:20:35+00:00","og_image":[{"width":1200,"height":630,"url":"https:\/\/redes.fa.ulisboa.pt\/wp-content\/uploads\/2022\/09\/social.png","type":"image\/png"}],"twitter_card":"summary_large_image","schema":{"@context":"https:\/\/schema.org","@graph":[{"@type":"WebPage","@id":"https:\/\/redes.fa.ulisboa.pt\/en\/contact\/","url":"https:\/\/redes.fa.ulisboa.pt\/en\/contact\/","name":"Contact - REDES","isPartOf":{"@id":"https:\/\/redes.fa.ulisboa.pt\/#website"},"datePublished":"2022-08-29T13:32:47+00:00","dateModified":"2023-11-16T18:20:35+00:00","breadcrumb":{"@id":"https:\/\/redes.fa.ulisboa.pt\/en\/contact\/#breadcrumb"},"inLanguage":"en-US","potentialAction":[{"@type":"ReadAction","target":["https:\/\/redes.fa.ulisboa.pt\/en\/contact\/"]}]},{"@type":"BreadcrumbList","@id":"https:\/\/redes.fa.ulisboa.pt\/en\/contact\/#breadcrumb","itemListElement":[{"@type":"ListItem","position":1,"name":"Home","item":"https:\/\/redes.fa.ulisboa.pt\/en\/"},{"@type":"ListItem","position":2,"name":"Contact"}]},{"@type":"WebSite","@id":"https:\/\/redes.fa.ulisboa.pt\/#website","url":"https:\/\/redes.fa.ulisboa.pt\/","name":"REDES","description":"Research &amp; Education in Design","publisher":{"@id":"https:\/\/redes.fa.ulisboa.pt\/#organization"},"potentialAction":[{"@type":"SearchAction","target":{"@type":"EntryPoint","urlTemplate":"https:\/\/redes.fa.ulisboa.pt\/?s={search_term_string}"},"query-input":{"@type":"PropertyValueSpecification","valueRequired":true,"valueName":"search_term_string"}}],"inLanguage":"en-US"},{"@type":"Organization","@id":"https:\/\/redes.fa.ulisboa.pt\/#organization","name":"REDES","url":"https:\/\/redes.fa.ulisboa.pt\/","logo":{"@type":"ImageObject","inLanguage":"en-US","@id":"https:\/\/redes.fa.ulisboa.pt\/#\/schema\/logo\/image\/","url":"https:\/\/redes.fa.ulisboa.pt\/wp-content\/uploads\/2022\/08\/logo.svg","contentUrl":"https:\/\/redes.fa.ulisboa.pt\/wp-content\/uploads\/2022\/08\/logo.svg","width":378,"height":235,"caption":"REDES"},"image":{"@id":"https:\/\/redes.fa.ulisboa.pt\/#\/schema\/logo\/image\/"}}]}},"_links":{"self":[{"href":"https:\/\/redes.fa.ulisboa.pt\/en\/wp-json\/wp\/v2\/pages\/3969","targetHints":{"allow":["GET"]}}],"collection":[{"href":"https:\/\/redes.fa.ulisboa.pt\/en\/wp-json\/wp\/v2\/pages"}],"about":[{"href":"https:\/\/redes.fa.ulisboa.pt\/en\/wp-json\/wp\/v2\/types\/page"}],"author":[{"embeddable":true,"href":"https:\/\/redes.fa.ulisboa.pt\/en\/wp-json\/wp\/v2\/users\/1"}],"replies":[{"embeddable":true,"href":"https:\/\/redes.fa.ulisboa.pt\/en\/wp-json\/wp\/v2\/comments?post=3969"}],"version-history":[{"count":3,"href":"https:\/\/redes.fa.ulisboa.pt\/en\/wp-json\/wp\/v2\/pages\/3969\/revisions"}],"predecessor-version":[{"id":5501,"href":"https:\/\/redes.fa.ulisboa.pt\/en\/wp-json\/wp\/v2\/pages\/3969\/revisions\/5501"}],"wp:attachment":[{"href":"https:\/\/redes.fa.ulisboa.pt\/en\/wp-json\/wp\/v2\/media?parent=3969"}],"curies":[{"name":"wp","href":"https:\/\/api.w.org\/{rel}","templated":true}]}}