{"id":3967,"date":"2022-08-29T22:58:13","date_gmt":"2022-08-29T21:58:13","guid":{"rendered":"https:\/\/redes.fa.ulisboa.pt\/members\/rita-almendra\/"},"modified":"2024-07-17T14:18:21","modified_gmt":"2024-07-17T13:18:21","slug":"rita-almendra","status":"publish","type":"page","link":"https:\/\/redes.fa.ulisboa.pt\/en\/members\/rita-almendra\/","title":{"rendered":"Rita Almendra"},"content":{"rendered":"\t\t<div data-elementor-type=\"wp-page\" data-elementor-id=\"3967\" class=\"elementor elementor-3967\" data-elementor-post-type=\"page\">\n\t\t\t\t\t\t<section class=\"elementor-section elementor-top-section elementor-element elementor-element-6e5b958 max-width--1000px content-centered elementor-section-boxed elementor-section-height-default elementor-section-height-default qodef-elementor-content-no\" data-id=\"6e5b958\" data-element_type=\"section\" data-e-type=\"section\">\n\t\t\t\t\t\t<div class=\"elementor-container elementor-column-gap-custom\">\n\t\t\t\t\t<div class=\"elementor-column elementor-col-33 elementor-top-column elementor-element elementor-element-8d0d886\" data-id=\"8d0d886\" data-element_type=\"column\" data-e-type=\"column\">\n\t\t\t<div class=\"elementor-widget-wrap elementor-element-populated\">\n\t\t\t\t\t\t<div class=\"elementor-element elementor-element-921f430 member-detail-img elementor-widget elementor-widget-image\" data-id=\"921f430\" data-element_type=\"widget\" data-e-type=\"widget\" data-widget_type=\"image.default\">\n\t\t\t\t<div class=\"elementor-widget-container\">\n\t\t\t\t\t\t\t\t\t\t\t\t\t\t\t<img fetchpriority=\"high\" decoding=\"async\" width=\"701\" height=\"701\" src=\"https:\/\/redes.fa.ulisboa.pt\/wp-content\/uploads\/2024\/07\/ra_3.jpg\" class=\"attachment-large size-large wp-image-6548\" alt=\"\" srcset=\"https:\/\/redes.fa.ulisboa.pt\/wp-content\/uploads\/2024\/07\/ra_3.jpg 701w, https:\/\/redes.fa.ulisboa.pt\/wp-content\/uploads\/2024\/07\/ra_3-300x300.jpg 300w, https:\/\/redes.fa.ulisboa.pt\/wp-content\/uploads\/2024\/07\/ra_3-150x150.jpg 150w, https:\/\/redes.fa.ulisboa.pt\/wp-content\/uploads\/2024\/07\/ra_3-650x650.jpg 650w\" sizes=\"(max-width: 701px) 100vw, 701px\" \/>\t\t\t\t\t\t\t\t\t\t\t\t\t\t\t<\/div>\n\t\t\t\t<\/div>\n\t\t\t\t\t<\/div>\n\t\t<\/div>\n\t\t\t\t<div class=\"elementor-column elementor-col-66 elementor-top-column elementor-element elementor-element-44ce0f5\" data-id=\"44ce0f5\" data-element_type=\"column\" data-e-type=\"column\">\n\t\t\t<div class=\"elementor-widget-wrap elementor-element-populated\">\n\t\t\t\t\t\t<div class=\"elementor-element elementor-element-b377c04 elementor-widget elementor-widget-heading\" data-id=\"b377c04\" data-element_type=\"widget\" data-e-type=\"widget\" data-widget_type=\"heading.default\">\n\t\t\t\t<div class=\"elementor-widget-container\">\n\t\t\t\t\t<h1 class=\"elementor-heading-title elementor-size-xl\">Rita Almendra<\/h1>\t\t\t\t<\/div>\n\t\t\t\t<\/div>\n\t\t\t\t<div class=\"elementor-element elementor-element-8aa74ab elementor-widget elementor-widget-text-editor\" data-id=\"8aa74ab\" data-element_type=\"widget\" data-e-type=\"widget\" data-widget_type=\"text-editor.default\">\n\t\t\t\t<div class=\"elementor-widget-container\">\n\t\t\t\t\t\t\t\t\t<p><span style=\"font-size: 14pt;\">Coordinator<\/span><\/p>\t\t\t\t\t\t\t\t<\/div>\n\t\t\t\t<\/div>\n\t\t\t\t<div class=\"elementor-element elementor-element-01c0327 elementor-widget elementor-widget-text-editor\" data-id=\"01c0327\" data-element_type=\"widget\" data-e-type=\"widget\" data-widget_type=\"text-editor.default\">\n\t\t\t\t<div class=\"elementor-widget-container\">\n\t\t\t\t\t\t\t\t\t<p><span style=\"font-size: 12pt;\"><span style=\"font-weight: 500;\">Rita Assoreira Almendra is currently a Full Professor at Lisbon University, Lisbon School of Architecture (FAULisbon).\u00a0 She has a PhD in Design concluded in 2010 in FAUL; Her master in Design Management was concluded in 2004 in Universidade Cat\u00f3lica Portuguesa, Faculdade de Ci\u00eancias Econ\u00f3micas e Empresariais and she has also an MBA with marketing specialization, finished in 2002 from the same school. Her graduation in Design from Technical University of Lisbon dates from 1998. <\/span><span style=\"font-weight: 500;\">She started as a lecturer at FAULisbon in 2000, become assistant professor in 2010 and associated professor in 2016. She is the Head of the Project Design Department, was a member of the Scientific Council for seven years (she was the Vice-president of the Scientific Council until 2021); Coordinator of the 3<\/span><span style=\"font-weight: 400;\">rd<\/span><span style=\"font-weight: 5400;\"> Cycle; Coordinator of the Design Doctoral program; Coordinator of the nucleus of Design and a researcher at CIAUD &#8211; Research center of FAULisbon. She is also Professor at the Doctoral Program of Sciences of Sustainability from University of Lisbon; She published 20 articles in journals; 30 book chapters, she has 2 co authored book(s);\u00a0 She is the editor of 4 book and has made more than 75 papers\u00a0 in conference&#8217;s proceedings; She supervised 20 PhD theses already finished and has 20 more on-going (with other supervisors); supervised more than 70 MSc dissertations. She has been a member of more than 100 Master juries and of 45 PhD defense Juries; She organized several conferences, was a member of various Scientific committees of journals and conferences; She is a reviewer of multiple conferences and a few publications. She was a member of FCT&#8217;s doctoral studentship in the Design area for 3 years being the vice-coordinator on 2023 and being nowadays the coordinator of FCT doctoral Scholarship pannel for Design, Architecture and Urbanism; She was also member of the jury of Lisbon University&#8217;s doctoral studentship in design; She was a member of 30 juries from 10 different schools to select candidates to the position of assistant and associate professors; She was granted with an FCT doctoral scholarship; Has received 4 awards and\/or honors. Her scientific and research interest areas are: Design Education; Design Research, Social Design; Design Processes; Sustainable Design; Design Management; Competitiveness and Innovation; Collaboration; Participatory Design and Service Design.<\/span><\/span><\/p>\t\t\t\t\t\t\t\t<\/div>\n\t\t\t\t<\/div>\n\t\t\t\t<div class=\"elementor-element elementor-element-4798a58 elementor-widget elementor-widget-text-editor\" data-id=\"4798a58\" data-element_type=\"widget\" data-e-type=\"widget\" data-widget_type=\"text-editor.default\">\n\t\t\t\t<div class=\"elementor-widget-container\">\n\t\t\t\t\t\t\t\t\t<h5>Projects<\/h5>\t\t\t\t\t\t\t\t<\/div>\n\t\t\t\t<\/div>\n\t\t\t\t<div class=\"elementor-element elementor-element-63ba918 elementor-widget elementor-widget-text-editor\" data-id=\"63ba918\" data-element_type=\"widget\" data-e-type=\"widget\" data-widget_type=\"text-editor.default\">\n\t\t\t\t<div class=\"elementor-widget-container\">\n\t\t\t\t\t\t\t\t\t<ul><li><a href=\"https:\/\/redes.fa.ulisboa.pt\/projects\/analysis-of-phd-and-master-theses-in-design-from-the-lisbon-school-of-architecture\/\" target=\"_blank\" rel=\"noopener\">Mapping PhD and Master Theses in Design<\/a><\/li><li><a href=\"https:\/\/redes.fa.ulisboa.pt\/projects\/project-erd-education-and-research-in-design-content-methodologies-and-didactics\/\" target=\"_blank\" rel=\"noopener\">Project ERD \u2013 Education and Research in Design: Content, Methodologies, and Didactics.<\/a><\/li><\/ul><p>almendra@fa.ulisboa.pt<\/p><p><strong>Ci\u00eancia ID:<\/strong> 3615-22D2-87BA<\/p><p><strong>ORCID:<\/strong> 0000-0002-6813-3366<\/p>\t\t\t\t\t\t\t\t<\/div>\n\t\t\t\t<\/div>\n\t\t\t\t\t<\/div>\n\t\t<\/div>\n\t\t\t\t\t<\/div>\n\t\t<\/section>\n\t\t\t\t<section class=\"elementor-section elementor-top-section elementor-element elementor-element-ee143ef max-width--900px content-centered elementor-section-boxed elementor-section-height-default elementor-section-height-default qodef-elementor-content-no\" data-id=\"ee143ef\" data-element_type=\"section\" data-e-type=\"section\">\n\t\t\t\t\t\t<div class=\"elementor-container elementor-column-gap-default\">\n\t\t\t\t\t<div class=\"elementor-column elementor-col-100 elementor-top-column elementor-element elementor-element-26ac852\" data-id=\"26ac852\" data-element_type=\"column\" data-e-type=\"column\">\n\t\t\t<div class=\"elementor-widget-wrap elementor-element-populated\">\n\t\t\t\t\t\t<div class=\"elementor-element elementor-element-ac35932 elementor-widget elementor-widget-text-editor\" data-id=\"ac35932\" data-element_type=\"widget\" data-e-type=\"widget\" data-widget_type=\"text-editor.default\">\n\t\t\t\t<div class=\"elementor-widget-container\">\n\t\t\t\t\t\t\t\t\t<p><a class=\"news-back-btn\" href=\"https:\/\/redes.fa.ulisboa.pt\/members\/\">\u2190 Back to Members<\/a><\/p>\t\t\t\t\t\t\t\t<\/div>\n\t\t\t\t<\/div>\n\t\t\t\t\t<\/div>\n\t\t<\/div>\n\t\t\t\t\t<\/div>\n\t\t<\/section>\n\t\t\t\t<\/div>\n\t\t","protected":false},"excerpt":{"rendered":"<p>Rita Almendra Coordinator Rita Assoreira Almendra is currently a Full Professor at Lisbon University, Lisbon School of Architecture (FAULisbon).\u00a0 She has a PhD in Design concluded in 2010 in FAUL; Her master in Design Management was concluded in 2004 in Universidade Cat\u00f3lica Portuguesa, Faculdade de Ci\u00eancias Econ\u00f3micas e Empresariais and she has also an MBA [&hellip;]<\/p>\n","protected":false},"author":1,"featured_media":0,"parent":3943,"menu_order":37,"comment_status":"closed","ping_status":"closed","template":"","meta":{"inline_featured_image":false,"footnotes":""},"class_list":["post-3967","page","type-page","status-publish","hentry"],"yoast_head":"<!-- This site is optimized with the Yoast SEO plugin v27.4 - https:\/\/yoast.com\/product\/yoast-seo-wordpress\/ -->\n<title>Rita Almendra - REDES<\/title>\n<meta name=\"robots\" content=\"index, follow, max-snippet:-1, max-image-preview:large, max-video-preview:-1\" \/>\n<link rel=\"canonical\" href=\"https:\/\/redes.fa.ulisboa.pt\/en\/members\/rita-almendra\/\" \/>\n<meta property=\"og:locale\" content=\"en_US\" \/>\n<meta property=\"og:type\" content=\"article\" \/>\n<meta property=\"og:title\" content=\"Rita Almendra - REDES\" \/>\n<meta property=\"og:description\" content=\"Rita Almendra Coordinator Rita Assoreira Almendra is currently a Full Professor at Lisbon University, Lisbon School of Architecture (FAULisbon).\u00a0 She has a PhD in Design concluded in 2010 in FAUL; Her master in Design Management was concluded in 2004 in Universidade Cat\u00f3lica Portuguesa, Faculdade de Ci\u00eancias Econ\u00f3micas e Empresariais and she has also an MBA [&hellip;]\" \/>\n<meta property=\"og:url\" content=\"https:\/\/redes.fa.ulisboa.pt\/en\/members\/rita-almendra\/\" \/>\n<meta property=\"og:site_name\" content=\"REDES\" \/>\n<meta property=\"article:modified_time\" content=\"2024-07-17T13:18:21+00:00\" \/>\n<meta property=\"og:image\" content=\"https:\/\/redes.fa.ulisboa.pt\/wp-content\/uploads\/2024\/07\/ra_3.jpg\" \/>\n<meta name=\"twitter:card\" content=\"summary_large_image\" \/>\n<meta name=\"twitter:label1\" content=\"Est. reading time\" \/>\n\t<meta name=\"twitter:data1\" content=\"2 minutes\" \/>\n<script type=\"application\/ld+json\" class=\"yoast-schema-graph\">{\"@context\":\"https:\\\/\\\/schema.org\",\"@graph\":[{\"@type\":\"WebPage\",\"@id\":\"https:\\\/\\\/redes.fa.ulisboa.pt\\\/en\\\/members\\\/rita-almendra\\\/\",\"url\":\"https:\\\/\\\/redes.fa.ulisboa.pt\\\/en\\\/members\\\/rita-almendra\\\/\",\"name\":\"Rita Almendra - REDES\",\"isPartOf\":{\"@id\":\"https:\\\/\\\/redes.fa.ulisboa.pt\\\/#website\"},\"primaryImageOfPage\":{\"@id\":\"https:\\\/\\\/redes.fa.ulisboa.pt\\\/en\\\/members\\\/rita-almendra\\\/#primaryimage\"},\"image\":{\"@id\":\"https:\\\/\\\/redes.fa.ulisboa.pt\\\/en\\\/members\\\/rita-almendra\\\/#primaryimage\"},\"thumbnailUrl\":\"https:\\\/\\\/redes.fa.ulisboa.pt\\\/wp-content\\\/uploads\\\/2024\\\/07\\\/ra_3.jpg\",\"datePublished\":\"2022-08-29T21:58:13+00:00\",\"dateModified\":\"2024-07-17T13:18:21+00:00\",\"breadcrumb\":{\"@id\":\"https:\\\/\\\/redes.fa.ulisboa.pt\\\/en\\\/members\\\/rita-almendra\\\/#breadcrumb\"},\"inLanguage\":\"en-US\",\"potentialAction\":[{\"@type\":\"ReadAction\",\"target\":[\"https:\\\/\\\/redes.fa.ulisboa.pt\\\/en\\\/members\\\/rita-almendra\\\/\"]}]},{\"@type\":\"ImageObject\",\"inLanguage\":\"en-US\",\"@id\":\"https:\\\/\\\/redes.fa.ulisboa.pt\\\/en\\\/members\\\/rita-almendra\\\/#primaryimage\",\"url\":\"https:\\\/\\\/redes.fa.ulisboa.pt\\\/wp-content\\\/uploads\\\/2024\\\/07\\\/ra_3.jpg\",\"contentUrl\":\"https:\\\/\\\/redes.fa.ulisboa.pt\\\/wp-content\\\/uploads\\\/2024\\\/07\\\/ra_3.jpg\"},{\"@type\":\"BreadcrumbList\",\"@id\":\"https:\\\/\\\/redes.fa.ulisboa.pt\\\/en\\\/members\\\/rita-almendra\\\/#breadcrumb\",\"itemListElement\":[{\"@type\":\"ListItem\",\"position\":1,\"name\":\"Home\",\"item\":\"https:\\\/\\\/redes.fa.ulisboa.pt\\\/en\\\/\"},{\"@type\":\"ListItem\",\"position\":2,\"name\":\"Members\",\"item\":\"https:\\\/\\\/redes.fa.ulisboa.pt\\\/en\\\/members\\\/\"},{\"@type\":\"ListItem\",\"position\":3,\"name\":\"Rita Almendra\"}]},{\"@type\":\"WebSite\",\"@id\":\"https:\\\/\\\/redes.fa.ulisboa.pt\\\/#website\",\"url\":\"https:\\\/\\\/redes.fa.ulisboa.pt\\\/\",\"name\":\"REDES\",\"description\":\"Research &amp; Education in Design\",\"publisher\":{\"@id\":\"https:\\\/\\\/redes.fa.ulisboa.pt\\\/#organization\"},\"potentialAction\":[{\"@type\":\"SearchAction\",\"target\":{\"@type\":\"EntryPoint\",\"urlTemplate\":\"https:\\\/\\\/redes.fa.ulisboa.pt\\\/?s={search_term_string}\"},\"query-input\":{\"@type\":\"PropertyValueSpecification\",\"valueRequired\":true,\"valueName\":\"search_term_string\"}}],\"inLanguage\":\"en-US\"},{\"@type\":\"Organization\",\"@id\":\"https:\\\/\\\/redes.fa.ulisboa.pt\\\/#organization\",\"name\":\"REDES\",\"url\":\"https:\\\/\\\/redes.fa.ulisboa.pt\\\/\",\"logo\":{\"@type\":\"ImageObject\",\"inLanguage\":\"en-US\",\"@id\":\"https:\\\/\\\/redes.fa.ulisboa.pt\\\/#\\\/schema\\\/logo\\\/image\\\/\",\"url\":\"https:\\\/\\\/redes.fa.ulisboa.pt\\\/wp-content\\\/uploads\\\/2022\\\/08\\\/logo.svg\",\"contentUrl\":\"https:\\\/\\\/redes.fa.ulisboa.pt\\\/wp-content\\\/uploads\\\/2022\\\/08\\\/logo.svg\",\"width\":378,\"height\":235,\"caption\":\"REDES\"},\"image\":{\"@id\":\"https:\\\/\\\/redes.fa.ulisboa.pt\\\/#\\\/schema\\\/logo\\\/image\\\/\"}}]}<\/script>\n<!-- \/ Yoast SEO plugin. -->","yoast_head_json":{"title":"Rita Almendra - REDES","robots":{"index":"index","follow":"follow","max-snippet":"max-snippet:-1","max-image-preview":"max-image-preview:large","max-video-preview":"max-video-preview:-1"},"canonical":"https:\/\/redes.fa.ulisboa.pt\/en\/members\/rita-almendra\/","og_locale":"en_US","og_type":"article","og_title":"Rita Almendra - REDES","og_description":"Rita Almendra Coordinator Rita Assoreira Almendra is currently a Full Professor at Lisbon University, Lisbon School of Architecture (FAULisbon).\u00a0 She has a PhD in Design concluded in 2010 in FAUL; Her master in Design Management was concluded in 2004 in Universidade Cat\u00f3lica Portuguesa, Faculdade de Ci\u00eancias Econ\u00f3micas e Empresariais and she has also an MBA [&hellip;]","og_url":"https:\/\/redes.fa.ulisboa.pt\/en\/members\/rita-almendra\/","og_site_name":"REDES","article_modified_time":"2024-07-17T13:18:21+00:00","og_image":[{"url":"https:\/\/redes.fa.ulisboa.pt\/wp-content\/uploads\/2024\/07\/ra_3.jpg","type":"","width":"","height":""}],"twitter_card":"summary_large_image","twitter_misc":{"Est. reading time":"2 minutes"},"schema":{"@context":"https:\/\/schema.org","@graph":[{"@type":"WebPage","@id":"https:\/\/redes.fa.ulisboa.pt\/en\/members\/rita-almendra\/","url":"https:\/\/redes.fa.ulisboa.pt\/en\/members\/rita-almendra\/","name":"Rita Almendra - REDES","isPartOf":{"@id":"https:\/\/redes.fa.ulisboa.pt\/#website"},"primaryImageOfPage":{"@id":"https:\/\/redes.fa.ulisboa.pt\/en\/members\/rita-almendra\/#primaryimage"},"image":{"@id":"https:\/\/redes.fa.ulisboa.pt\/en\/members\/rita-almendra\/#primaryimage"},"thumbnailUrl":"https:\/\/redes.fa.ulisboa.pt\/wp-content\/uploads\/2024\/07\/ra_3.jpg","datePublished":"2022-08-29T21:58:13+00:00","dateModified":"2024-07-17T13:18:21+00:00","breadcrumb":{"@id":"https:\/\/redes.fa.ulisboa.pt\/en\/members\/rita-almendra\/#breadcrumb"},"inLanguage":"en-US","potentialAction":[{"@type":"ReadAction","target":["https:\/\/redes.fa.ulisboa.pt\/en\/members\/rita-almendra\/"]}]},{"@type":"ImageObject","inLanguage":"en-US","@id":"https:\/\/redes.fa.ulisboa.pt\/en\/members\/rita-almendra\/#primaryimage","url":"https:\/\/redes.fa.ulisboa.pt\/wp-content\/uploads\/2024\/07\/ra_3.jpg","contentUrl":"https:\/\/redes.fa.ulisboa.pt\/wp-content\/uploads\/2024\/07\/ra_3.jpg"},{"@type":"BreadcrumbList","@id":"https:\/\/redes.fa.ulisboa.pt\/en\/members\/rita-almendra\/#breadcrumb","itemListElement":[{"@type":"ListItem","position":1,"name":"Home","item":"https:\/\/redes.fa.ulisboa.pt\/en\/"},{"@type":"ListItem","position":2,"name":"Members","item":"https:\/\/redes.fa.ulisboa.pt\/en\/members\/"},{"@type":"ListItem","position":3,"name":"Rita Almendra"}]},{"@type":"WebSite","@id":"https:\/\/redes.fa.ulisboa.pt\/#website","url":"https:\/\/redes.fa.ulisboa.pt\/","name":"REDES","description":"Research &amp; Education in Design","publisher":{"@id":"https:\/\/redes.fa.ulisboa.pt\/#organization"},"potentialAction":[{"@type":"SearchAction","target":{"@type":"EntryPoint","urlTemplate":"https:\/\/redes.fa.ulisboa.pt\/?s={search_term_string}"},"query-input":{"@type":"PropertyValueSpecification","valueRequired":true,"valueName":"search_term_string"}}],"inLanguage":"en-US"},{"@type":"Organization","@id":"https:\/\/redes.fa.ulisboa.pt\/#organization","name":"REDES","url":"https:\/\/redes.fa.ulisboa.pt\/","logo":{"@type":"ImageObject","inLanguage":"en-US","@id":"https:\/\/redes.fa.ulisboa.pt\/#\/schema\/logo\/image\/","url":"https:\/\/redes.fa.ulisboa.pt\/wp-content\/uploads\/2022\/08\/logo.svg","contentUrl":"https:\/\/redes.fa.ulisboa.pt\/wp-content\/uploads\/2022\/08\/logo.svg","width":378,"height":235,"caption":"REDES"},"image":{"@id":"https:\/\/redes.fa.ulisboa.pt\/#\/schema\/logo\/image\/"}}]}},"_links":{"self":[{"href":"https:\/\/redes.fa.ulisboa.pt\/en\/wp-json\/wp\/v2\/pages\/3967","targetHints":{"allow":["GET"]}}],"collection":[{"href":"https:\/\/redes.fa.ulisboa.pt\/en\/wp-json\/wp\/v2\/pages"}],"about":[{"href":"https:\/\/redes.fa.ulisboa.pt\/en\/wp-json\/wp\/v2\/types\/page"}],"author":[{"embeddable":true,"href":"https:\/\/redes.fa.ulisboa.pt\/en\/wp-json\/wp\/v2\/users\/1"}],"replies":[{"embeddable":true,"href":"https:\/\/redes.fa.ulisboa.pt\/en\/wp-json\/wp\/v2\/comments?post=3967"}],"version-history":[{"count":12,"href":"https:\/\/redes.fa.ulisboa.pt\/en\/wp-json\/wp\/v2\/pages\/3967\/revisions"}],"predecessor-version":[{"id":6562,"href":"https:\/\/redes.fa.ulisboa.pt\/en\/wp-json\/wp\/v2\/pages\/3967\/revisions\/6562"}],"up":[{"embeddable":true,"href":"https:\/\/redes.fa.ulisboa.pt\/en\/wp-json\/wp\/v2\/pages\/3943"}],"wp:attachment":[{"href":"https:\/\/redes.fa.ulisboa.pt\/en\/wp-json\/wp\/v2\/media?parent=3967"}],"curies":[{"name":"wp","href":"https:\/\/api.w.org\/{rel}","templated":true}]}}