{"id":3966,"date":"2022-08-29T23:16:26","date_gmt":"2022-08-29T22:16:26","guid":{"rendered":"https:\/\/redes.fa.ulisboa.pt\/members\/bruna-ruschel\/"},"modified":"2022-08-29T23:16:26","modified_gmt":"2022-08-29T22:16:26","slug":"bruna-ruschel","status":"publish","type":"page","link":"https:\/\/redes.fa.ulisboa.pt\/en\/members\/bruna-ruschel\/","title":{"rendered":"Bruna Ruschel"},"content":{"rendered":"\t\t<div data-elementor-type=\"wp-page\" data-elementor-id=\"3966\" class=\"elementor elementor-3966\" data-elementor-post-type=\"page\">\n\t\t\t\t\t\t<section class=\"elementor-section elementor-top-section elementor-element elementor-element-6e5b958 max-width--1000px content-centered elementor-section-boxed elementor-section-height-default elementor-section-height-default qodef-elementor-content-no\" data-id=\"6e5b958\" data-element_type=\"section\" data-e-type=\"section\">\n\t\t\t\t\t\t<div class=\"elementor-container elementor-column-gap-custom\">\n\t\t\t\t\t<div class=\"elementor-column elementor-col-33 elementor-top-column elementor-element elementor-element-8d0d886\" data-id=\"8d0d886\" data-element_type=\"column\" data-e-type=\"column\">\n\t\t\t<div class=\"elementor-widget-wrap elementor-element-populated\">\n\t\t\t\t\t\t<div class=\"elementor-element elementor-element-921f430 member-detail-img elementor-widget elementor-widget-image\" data-id=\"921f430\" data-element_type=\"widget\" data-e-type=\"widget\" data-widget_type=\"image.default\">\n\t\t\t\t<div class=\"elementor-widget-container\">\n\t\t\t\t\t\t\t\t\t\t\t\t\t\t\t<img fetchpriority=\"high\" decoding=\"async\" width=\"500\" height=\"500\" src=\"https:\/\/redes.fa.ulisboa.pt\/wp-content\/uploads\/2022\/08\/br.jpg\" class=\"attachment-large size-large wp-image-2343\" alt=\"REDES\" srcset=\"https:\/\/redes.fa.ulisboa.pt\/wp-content\/uploads\/2022\/08\/br.jpg 500w, https:\/\/redes.fa.ulisboa.pt\/wp-content\/uploads\/2022\/08\/br-300x300.jpg 300w, https:\/\/redes.fa.ulisboa.pt\/wp-content\/uploads\/2022\/08\/br-150x150.jpg 150w\" sizes=\"(max-width: 500px) 100vw, 500px\" \/>\t\t\t\t\t\t\t\t\t\t\t\t\t\t\t<\/div>\n\t\t\t\t<\/div>\n\t\t\t\t\t<\/div>\n\t\t<\/div>\n\t\t\t\t<div class=\"elementor-column elementor-col-66 elementor-top-column elementor-element elementor-element-44ce0f5\" data-id=\"44ce0f5\" data-element_type=\"column\" data-e-type=\"column\">\n\t\t\t<div class=\"elementor-widget-wrap elementor-element-populated\">\n\t\t\t\t\t\t<div class=\"elementor-element elementor-element-b377c04 elementor-widget elementor-widget-heading\" data-id=\"b377c04\" data-element_type=\"widget\" data-e-type=\"widget\" data-widget_type=\"heading.default\">\n\t\t\t\t<div class=\"elementor-widget-container\">\n\t\t\t\t\t<h1 class=\"elementor-heading-title elementor-size-xl\">Bruna Ruschel Moreira<\/h1>\t\t\t\t<\/div>\n\t\t\t\t<\/div>\n\t\t\t\t<div class=\"elementor-element elementor-element-62d0b4b elementor-widget elementor-widget-text-editor\" data-id=\"62d0b4b\" data-element_type=\"widget\" data-e-type=\"widget\" data-widget_type=\"text-editor.default\">\n\t\t\t\t<div class=\"elementor-widget-container\">\n\t\t\t\t\t\t\t\t\t<p><span style=\"font-size: 14pt;\">Researcher<\/span><\/p>\t\t\t\t\t\t\t\t<\/div>\n\t\t\t\t<\/div>\n\t\t\t\t<div class=\"elementor-element elementor-element-01c0327 elementor-widget elementor-widget-text-editor\" data-id=\"01c0327\" data-element_type=\"widget\" data-e-type=\"widget\" data-widget_type=\"text-editor.default\">\n\t\t\t\t<div class=\"elementor-widget-container\">\n\t\t\t\t\t\t\t\t\t<p>Post-Doctorate in Design at Universidade de Lisboa; PhD in Design (Federal University of Rio Grande do Sul); Master in Strategic Design (Unisinos); specialist in Graphic Expression (PUCRS); and graduated in Fashion Design (Feevale). For ten years she has been a university professor in Design and Fashion at Feevale and Unisinos. Bruna has six years of experience in university management: she coordinated the Unisinos Bachelor of Fashion (2012-2014), the Feevale Design Center (2009-2012) and the Apdesign Fashion Centre (2007-2008). She is co-author of the book \u201cGest\u00e3o do Design: Framework para implementa\u00e7\u00e3o em empresas\u201d, published by Marcavisual.<\/p>\t\t\t\t\t\t\t\t<\/div>\n\t\t\t\t<\/div>\n\t\t\t\t<div class=\"elementor-element elementor-element-63ba918 elementor-widget elementor-widget-text-editor\" data-id=\"63ba918\" data-element_type=\"widget\" data-e-type=\"widget\" data-widget_type=\"text-editor.default\">\n\t\t\t\t<div class=\"elementor-widget-container\">\n\t\t\t\t\t\t\t\t\t<p><a href=\"mailto:brunaruschel18@gmail.com\">brunaruschel18@gmail.com<\/a><\/p><p><strong>Ci\u00eancia ID:<\/strong> 251E-DABA-A31E<\/p>\t\t\t\t\t\t\t\t<\/div>\n\t\t\t\t<\/div>\n\t\t\t\t\t<\/div>\n\t\t<\/div>\n\t\t\t\t\t<\/div>\n\t\t<\/section>\n\t\t\t\t<section class=\"elementor-section elementor-top-section elementor-element elementor-element-ee143ef max-width--900px content-centered elementor-section-boxed elementor-section-height-default elementor-section-height-default qodef-elementor-content-no\" data-id=\"ee143ef\" data-element_type=\"section\" data-e-type=\"section\">\n\t\t\t\t\t\t<div class=\"elementor-container elementor-column-gap-default\">\n\t\t\t\t\t<div class=\"elementor-column elementor-col-100 elementor-top-column elementor-element elementor-element-26ac852\" data-id=\"26ac852\" data-element_type=\"column\" data-e-type=\"column\">\n\t\t\t<div class=\"elementor-widget-wrap elementor-element-populated\">\n\t\t\t\t\t\t<div class=\"elementor-element elementor-element-ac35932 elementor-widget elementor-widget-text-editor\" data-id=\"ac35932\" data-element_type=\"widget\" data-e-type=\"widget\" data-widget_type=\"text-editor.default\">\n\t\t\t\t<div class=\"elementor-widget-container\">\n\t\t\t\t\t\t\t\t\t<p><a class=\"news-back-btn\" href=\"https:\/\/redes.fa.ulisboa.pt\/members\/\">\u2190 Back to Members<\/a><\/p>\t\t\t\t\t\t\t\t<\/div>\n\t\t\t\t<\/div>\n\t\t\t\t\t<\/div>\n\t\t<\/div>\n\t\t\t\t\t<\/div>\n\t\t<\/section>\n\t\t\t\t<\/div>\n\t\t","protected":false},"excerpt":{"rendered":"<p>Bruna Ruschel Moreira Researcher Post-Doctorate in Design at Universidade de Lisboa; PhD in Design (Federal University of Rio Grande do Sul); Master in Strategic Design (Unisinos); specialist in Graphic Expression (PUCRS); and graduated in Fashion Design (Feevale). For ten years she has been a university professor in Design and Fashion at Feevale and Unisinos. Bruna [&hellip;]<\/p>\n","protected":false},"author":1,"featured_media":0,"parent":3943,"menu_order":36,"comment_status":"closed","ping_status":"closed","template":"","meta":{"inline_featured_image":false,"footnotes":""},"class_list":["post-3966","page","type-page","status-publish","hentry"],"yoast_head":"<!-- This site is optimized with the Yoast SEO plugin v27.4 - https:\/\/yoast.com\/product\/yoast-seo-wordpress\/ -->\n<title>Bruna Ruschel - REDES<\/title>\n<meta name=\"robots\" content=\"index, follow, max-snippet:-1, max-image-preview:large, max-video-preview:-1\" \/>\n<link rel=\"canonical\" href=\"https:\/\/redes.fa.ulisboa.pt\/en\/members\/bruna-ruschel\/\" \/>\n<meta property=\"og:locale\" content=\"en_US\" \/>\n<meta property=\"og:type\" content=\"article\" \/>\n<meta property=\"og:title\" content=\"Bruna Ruschel - REDES\" \/>\n<meta property=\"og:description\" content=\"Bruna Ruschel Moreira Researcher Post-Doctorate in Design at Universidade de Lisboa; PhD in Design (Federal University of Rio Grande do Sul); Master in Strategic Design (Unisinos); specialist in Graphic Expression (PUCRS); and graduated in Fashion Design (Feevale). For ten years she has been a university professor in Design and Fashion at Feevale and Unisinos. Bruna [&hellip;]\" \/>\n<meta property=\"og:url\" content=\"https:\/\/redes.fa.ulisboa.pt\/en\/members\/bruna-ruschel\/\" \/>\n<meta property=\"og:site_name\" content=\"REDES\" \/>\n<meta property=\"og:image\" content=\"https:\/\/redes.fa.ulisboa.pt\/wp-content\/uploads\/2022\/08\/br.jpg\" \/>\n<meta name=\"twitter:card\" content=\"summary_large_image\" \/>\n<meta name=\"twitter:label1\" content=\"Est. reading time\" \/>\n\t<meta name=\"twitter:data1\" content=\"1 minute\" \/>\n<script type=\"application\/ld+json\" class=\"yoast-schema-graph\">{\"@context\":\"https:\\\/\\\/schema.org\",\"@graph\":[{\"@type\":\"WebPage\",\"@id\":\"https:\\\/\\\/redes.fa.ulisboa.pt\\\/en\\\/members\\\/bruna-ruschel\\\/\",\"url\":\"https:\\\/\\\/redes.fa.ulisboa.pt\\\/en\\\/members\\\/bruna-ruschel\\\/\",\"name\":\"Bruna Ruschel - REDES\",\"isPartOf\":{\"@id\":\"https:\\\/\\\/redes.fa.ulisboa.pt\\\/#website\"},\"primaryImageOfPage\":{\"@id\":\"https:\\\/\\\/redes.fa.ulisboa.pt\\\/en\\\/members\\\/bruna-ruschel\\\/#primaryimage\"},\"image\":{\"@id\":\"https:\\\/\\\/redes.fa.ulisboa.pt\\\/en\\\/members\\\/bruna-ruschel\\\/#primaryimage\"},\"thumbnailUrl\":\"https:\\\/\\\/redes.fa.ulisboa.pt\\\/wp-content\\\/uploads\\\/2022\\\/08\\\/br.jpg\",\"datePublished\":\"2022-08-29T22:16:26+00:00\",\"breadcrumb\":{\"@id\":\"https:\\\/\\\/redes.fa.ulisboa.pt\\\/en\\\/members\\\/bruna-ruschel\\\/#breadcrumb\"},\"inLanguage\":\"en-US\",\"potentialAction\":[{\"@type\":\"ReadAction\",\"target\":[\"https:\\\/\\\/redes.fa.ulisboa.pt\\\/en\\\/members\\\/bruna-ruschel\\\/\"]}]},{\"@type\":\"ImageObject\",\"inLanguage\":\"en-US\",\"@id\":\"https:\\\/\\\/redes.fa.ulisboa.pt\\\/en\\\/members\\\/bruna-ruschel\\\/#primaryimage\",\"url\":\"https:\\\/\\\/redes.fa.ulisboa.pt\\\/wp-content\\\/uploads\\\/2022\\\/08\\\/br.jpg\",\"contentUrl\":\"https:\\\/\\\/redes.fa.ulisboa.pt\\\/wp-content\\\/uploads\\\/2022\\\/08\\\/br.jpg\"},{\"@type\":\"BreadcrumbList\",\"@id\":\"https:\\\/\\\/redes.fa.ulisboa.pt\\\/en\\\/members\\\/bruna-ruschel\\\/#breadcrumb\",\"itemListElement\":[{\"@type\":\"ListItem\",\"position\":1,\"name\":\"Home\",\"item\":\"https:\\\/\\\/redes.fa.ulisboa.pt\\\/en\\\/\"},{\"@type\":\"ListItem\",\"position\":2,\"name\":\"Members\",\"item\":\"https:\\\/\\\/redes.fa.ulisboa.pt\\\/en\\\/members\\\/\"},{\"@type\":\"ListItem\",\"position\":3,\"name\":\"Bruna Ruschel\"}]},{\"@type\":\"WebSite\",\"@id\":\"https:\\\/\\\/redes.fa.ulisboa.pt\\\/#website\",\"url\":\"https:\\\/\\\/redes.fa.ulisboa.pt\\\/\",\"name\":\"REDES\",\"description\":\"Research &amp; Education in Design\",\"publisher\":{\"@id\":\"https:\\\/\\\/redes.fa.ulisboa.pt\\\/#organization\"},\"potentialAction\":[{\"@type\":\"SearchAction\",\"target\":{\"@type\":\"EntryPoint\",\"urlTemplate\":\"https:\\\/\\\/redes.fa.ulisboa.pt\\\/?s={search_term_string}\"},\"query-input\":{\"@type\":\"PropertyValueSpecification\",\"valueRequired\":true,\"valueName\":\"search_term_string\"}}],\"inLanguage\":\"en-US\"},{\"@type\":\"Organization\",\"@id\":\"https:\\\/\\\/redes.fa.ulisboa.pt\\\/#organization\",\"name\":\"REDES\",\"url\":\"https:\\\/\\\/redes.fa.ulisboa.pt\\\/\",\"logo\":{\"@type\":\"ImageObject\",\"inLanguage\":\"en-US\",\"@id\":\"https:\\\/\\\/redes.fa.ulisboa.pt\\\/#\\\/schema\\\/logo\\\/image\\\/\",\"url\":\"https:\\\/\\\/redes.fa.ulisboa.pt\\\/wp-content\\\/uploads\\\/2022\\\/08\\\/logo.svg\",\"contentUrl\":\"https:\\\/\\\/redes.fa.ulisboa.pt\\\/wp-content\\\/uploads\\\/2022\\\/08\\\/logo.svg\",\"width\":378,\"height\":235,\"caption\":\"REDES\"},\"image\":{\"@id\":\"https:\\\/\\\/redes.fa.ulisboa.pt\\\/#\\\/schema\\\/logo\\\/image\\\/\"}}]}<\/script>\n<!-- \/ Yoast SEO plugin. -->","yoast_head_json":{"title":"Bruna Ruschel - REDES","robots":{"index":"index","follow":"follow","max-snippet":"max-snippet:-1","max-image-preview":"max-image-preview:large","max-video-preview":"max-video-preview:-1"},"canonical":"https:\/\/redes.fa.ulisboa.pt\/en\/members\/bruna-ruschel\/","og_locale":"en_US","og_type":"article","og_title":"Bruna Ruschel - REDES","og_description":"Bruna Ruschel Moreira Researcher Post-Doctorate in Design at Universidade de Lisboa; PhD in Design (Federal University of Rio Grande do Sul); Master in Strategic Design (Unisinos); specialist in Graphic Expression (PUCRS); and graduated in Fashion Design (Feevale). For ten years she has been a university professor in Design and Fashion at Feevale and Unisinos. Bruna [&hellip;]","og_url":"https:\/\/redes.fa.ulisboa.pt\/en\/members\/bruna-ruschel\/","og_site_name":"REDES","og_image":[{"url":"https:\/\/redes.fa.ulisboa.pt\/wp-content\/uploads\/2022\/08\/br.jpg","type":"","width":"","height":""}],"twitter_card":"summary_large_image","twitter_misc":{"Est. reading time":"1 minute"},"schema":{"@context":"https:\/\/schema.org","@graph":[{"@type":"WebPage","@id":"https:\/\/redes.fa.ulisboa.pt\/en\/members\/bruna-ruschel\/","url":"https:\/\/redes.fa.ulisboa.pt\/en\/members\/bruna-ruschel\/","name":"Bruna Ruschel - REDES","isPartOf":{"@id":"https:\/\/redes.fa.ulisboa.pt\/#website"},"primaryImageOfPage":{"@id":"https:\/\/redes.fa.ulisboa.pt\/en\/members\/bruna-ruschel\/#primaryimage"},"image":{"@id":"https:\/\/redes.fa.ulisboa.pt\/en\/members\/bruna-ruschel\/#primaryimage"},"thumbnailUrl":"https:\/\/redes.fa.ulisboa.pt\/wp-content\/uploads\/2022\/08\/br.jpg","datePublished":"2022-08-29T22:16:26+00:00","breadcrumb":{"@id":"https:\/\/redes.fa.ulisboa.pt\/en\/members\/bruna-ruschel\/#breadcrumb"},"inLanguage":"en-US","potentialAction":[{"@type":"ReadAction","target":["https:\/\/redes.fa.ulisboa.pt\/en\/members\/bruna-ruschel\/"]}]},{"@type":"ImageObject","inLanguage":"en-US","@id":"https:\/\/redes.fa.ulisboa.pt\/en\/members\/bruna-ruschel\/#primaryimage","url":"https:\/\/redes.fa.ulisboa.pt\/wp-content\/uploads\/2022\/08\/br.jpg","contentUrl":"https:\/\/redes.fa.ulisboa.pt\/wp-content\/uploads\/2022\/08\/br.jpg"},{"@type":"BreadcrumbList","@id":"https:\/\/redes.fa.ulisboa.pt\/en\/members\/bruna-ruschel\/#breadcrumb","itemListElement":[{"@type":"ListItem","position":1,"name":"Home","item":"https:\/\/redes.fa.ulisboa.pt\/en\/"},{"@type":"ListItem","position":2,"name":"Members","item":"https:\/\/redes.fa.ulisboa.pt\/en\/members\/"},{"@type":"ListItem","position":3,"name":"Bruna Ruschel"}]},{"@type":"WebSite","@id":"https:\/\/redes.fa.ulisboa.pt\/#website","url":"https:\/\/redes.fa.ulisboa.pt\/","name":"REDES","description":"Research &amp; Education in Design","publisher":{"@id":"https:\/\/redes.fa.ulisboa.pt\/#organization"},"potentialAction":[{"@type":"SearchAction","target":{"@type":"EntryPoint","urlTemplate":"https:\/\/redes.fa.ulisboa.pt\/?s={search_term_string}"},"query-input":{"@type":"PropertyValueSpecification","valueRequired":true,"valueName":"search_term_string"}}],"inLanguage":"en-US"},{"@type":"Organization","@id":"https:\/\/redes.fa.ulisboa.pt\/#organization","name":"REDES","url":"https:\/\/redes.fa.ulisboa.pt\/","logo":{"@type":"ImageObject","inLanguage":"en-US","@id":"https:\/\/redes.fa.ulisboa.pt\/#\/schema\/logo\/image\/","url":"https:\/\/redes.fa.ulisboa.pt\/wp-content\/uploads\/2022\/08\/logo.svg","contentUrl":"https:\/\/redes.fa.ulisboa.pt\/wp-content\/uploads\/2022\/08\/logo.svg","width":378,"height":235,"caption":"REDES"},"image":{"@id":"https:\/\/redes.fa.ulisboa.pt\/#\/schema\/logo\/image\/"}}]}},"_links":{"self":[{"href":"https:\/\/redes.fa.ulisboa.pt\/en\/wp-json\/wp\/v2\/pages\/3966","targetHints":{"allow":["GET"]}}],"collection":[{"href":"https:\/\/redes.fa.ulisboa.pt\/en\/wp-json\/wp\/v2\/pages"}],"about":[{"href":"https:\/\/redes.fa.ulisboa.pt\/en\/wp-json\/wp\/v2\/types\/page"}],"author":[{"embeddable":true,"href":"https:\/\/redes.fa.ulisboa.pt\/en\/wp-json\/wp\/v2\/users\/1"}],"replies":[{"embeddable":true,"href":"https:\/\/redes.fa.ulisboa.pt\/en\/wp-json\/wp\/v2\/comments?post=3966"}],"version-history":[{"count":0,"href":"https:\/\/redes.fa.ulisboa.pt\/en\/wp-json\/wp\/v2\/pages\/3966\/revisions"}],"up":[{"embeddable":true,"href":"https:\/\/redes.fa.ulisboa.pt\/en\/wp-json\/wp\/v2\/pages\/3943"}],"wp:attachment":[{"href":"https:\/\/redes.fa.ulisboa.pt\/en\/wp-json\/wp\/v2\/media?parent=3966"}],"curies":[{"name":"wp","href":"https:\/\/api.w.org\/{rel}","templated":true}]}}