{"id":3947,"date":"2022-08-30T02:20:20","date_gmt":"2022-08-30T01:20:20","guid":{"rendered":"https:\/\/redes.fa.ulisboa.pt\/members\/caio-miolo\/"},"modified":"2022-08-30T02:20:20","modified_gmt":"2022-08-30T01:20:20","slug":"caio-miolo","status":"publish","type":"page","link":"https:\/\/redes.fa.ulisboa.pt\/en\/members\/caio-miolo\/","title":{"rendered":"Caio Miolo"},"content":{"rendered":"\t\t<div data-elementor-type=\"wp-page\" data-elementor-id=\"3947\" class=\"elementor elementor-3947\" data-elementor-post-type=\"page\">\n\t\t\t\t\t\t<section class=\"elementor-section elementor-top-section elementor-element elementor-element-6e5b958 max-width--1000px content-centered elementor-section-boxed elementor-section-height-default elementor-section-height-default qodef-elementor-content-no\" data-id=\"6e5b958\" data-element_type=\"section\" data-e-type=\"section\">\n\t\t\t\t\t\t<div class=\"elementor-container elementor-column-gap-custom\">\n\t\t\t\t\t<div class=\"elementor-column elementor-col-33 elementor-top-column elementor-element elementor-element-8d0d886\" data-id=\"8d0d886\" data-element_type=\"column\" data-e-type=\"column\">\n\t\t\t<div class=\"elementor-widget-wrap elementor-element-populated\">\n\t\t\t\t\t\t<div class=\"elementor-element elementor-element-921f430 member-detail-img elementor-widget elementor-widget-image\" data-id=\"921f430\" data-element_type=\"widget\" data-e-type=\"widget\" data-widget_type=\"image.default\">\n\t\t\t\t<div class=\"elementor-widget-container\">\n\t\t\t\t\t\t\t\t\t\t\t\t\t\t\t<img fetchpriority=\"high\" decoding=\"async\" width=\"500\" height=\"500\" src=\"https:\/\/redes.fa.ulisboa.pt\/wp-content\/uploads\/2022\/08\/cm.jpg\" class=\"attachment-large size-large wp-image-2555\" alt=\"REDES\" srcset=\"https:\/\/redes.fa.ulisboa.pt\/wp-content\/uploads\/2022\/08\/cm.jpg 500w, https:\/\/redes.fa.ulisboa.pt\/wp-content\/uploads\/2022\/08\/cm-300x300.jpg 300w, https:\/\/redes.fa.ulisboa.pt\/wp-content\/uploads\/2022\/08\/cm-150x150.jpg 150w\" sizes=\"(max-width: 500px) 100vw, 500px\" \/>\t\t\t\t\t\t\t\t\t\t\t\t\t\t\t<\/div>\n\t\t\t\t<\/div>\n\t\t\t\t\t<\/div>\n\t\t<\/div>\n\t\t\t\t<div class=\"elementor-column elementor-col-66 elementor-top-column elementor-element elementor-element-44ce0f5\" data-id=\"44ce0f5\" data-element_type=\"column\" data-e-type=\"column\">\n\t\t\t<div class=\"elementor-widget-wrap elementor-element-populated\">\n\t\t\t\t\t\t<div class=\"elementor-element elementor-element-b377c04 elementor-widget elementor-widget-heading\" data-id=\"b377c04\" data-element_type=\"widget\" data-e-type=\"widget\" data-widget_type=\"heading.default\">\n\t\t\t\t<div class=\"elementor-widget-container\">\n\t\t\t\t\t<h1 class=\"elementor-heading-title elementor-size-xl\">Caio Miolo<\/h1>\t\t\t\t<\/div>\n\t\t\t\t<\/div>\n\t\t\t\t<div class=\"elementor-element elementor-element-fe6433f elementor-widget elementor-widget-text-editor\" data-id=\"fe6433f\" data-element_type=\"widget\" data-e-type=\"widget\" data-widget_type=\"text-editor.default\">\n\t\t\t\t<div class=\"elementor-widget-container\">\n\t\t\t\t\t\t\t\t\t<p><span style=\"font-size: 14pt;\">Researcher<\/span><\/p>\t\t\t\t\t\t\t\t<\/div>\n\t\t\t\t<\/div>\n\t\t\t\t<div class=\"elementor-element elementor-element-01c0327 elementor-widget elementor-widget-text-editor\" data-id=\"01c0327\" data-element_type=\"widget\" data-e-type=\"widget\" data-widget_type=\"text-editor.default\">\n\t\t\t\t<div class=\"elementor-widget-container\">\n\t\t\t\t\t\t\t\t\t<p>Caio Miolo \u00e9 \u00edtalo-brasileiro (brasileiro de nascimento e italiano de ascend\u00eancia), vive na Europa desde 2017. \u00c9 doutor em Design pela Universidade de Lisboa (2021); Mestre em Design Estrat\u00e9gico pela Unisinos (2016), localizada no sul do Brasil, que tem como base te\u00f3rica o Polit\u00e9cnico de Mil\u00e3o; e graduou-se em Desenho Industrial pela Universidade Federal de Santa Maria (2010), tamb\u00e9m no sul do Brasil. Durante sua gradua\u00e7\u00e3o, envolveu-se no movimento das empresas juniores no Brasil, sendo projetista e coordenador do setor financeiro da empresa J\u00fanior de Desenho Industrial da Universidade Federal de Santa Maria; em que teve contato com gest\u00e3o de neg\u00f3cios, contato com stakeholders e desenvolvimento de projetos de Design. Ap\u00f3s a gradua\u00e7\u00e3o, Caio trabalhou por tr\u00eas anos em S\u00e3o Paulo (BR) em empresas de design de embalagens, desenvolvendo trabalhos para projetos globais para empresas como Unilever e Whirlpool. Entre 2014 e 2016, durante o mestrado, teve seu primeiro contato com inova\u00e7\u00e3o social, estimulado por sua orientadora, Dra. Karine Freire e sua participa\u00e7\u00e3o no grupo de pesquisa Seeding Lab (que faz parte da Rede DESIS). Durante o doutorado, orientado pela Dra. Rita Almendra, desenvolveu pesquisa-a\u00e7\u00e3o sobre o desenvolvimento de uma plataforma facilitadora para a reinser\u00e7\u00e3o social de pessoas que cumprem pena na pris\u00e3o ou na comunidade. Esta investiga\u00e7\u00e3o foi realizada com uma cooperativa portuguesa de solidariedade social, a Aproximar, onde Caio trabalhou inicialmente como volunt\u00e1rio (2018-2019) e a partir de 2019 como colaborador contratado. Atualmente trabalha como UX researcher em uma empresa na Espanha.<\/p>\t\t\t\t\t\t\t\t<\/div>\n\t\t\t\t<\/div>\n\t\t\t\t\t<\/div>\n\t\t<\/div>\n\t\t\t\t\t<\/div>\n\t\t<\/section>\n\t\t\t\t<section class=\"elementor-section elementor-top-section elementor-element elementor-element-ee143ef max-width--900px content-centered elementor-section-boxed elementor-section-height-default elementor-section-height-default qodef-elementor-content-no\" data-id=\"ee143ef\" data-element_type=\"section\" data-e-type=\"section\">\n\t\t\t\t\t\t<div class=\"elementor-container elementor-column-gap-default\">\n\t\t\t\t\t<div class=\"elementor-column elementor-col-100 elementor-top-column elementor-element elementor-element-26ac852\" data-id=\"26ac852\" data-element_type=\"column\" data-e-type=\"column\">\n\t\t\t<div class=\"elementor-widget-wrap elementor-element-populated\">\n\t\t\t\t\t\t<div class=\"elementor-element elementor-element-ac35932 elementor-widget elementor-widget-text-editor\" data-id=\"ac35932\" data-element_type=\"widget\" data-e-type=\"widget\" data-widget_type=\"text-editor.default\">\n\t\t\t\t<div class=\"elementor-widget-container\">\n\t\t\t\t\t\t\t\t\t<p><a class=\"news-back-btn\" href=\"https:\/\/redes.fa.ulisboa.pt\/members\/\">\u2190 Back to Members<\/a><\/p>\t\t\t\t\t\t\t\t<\/div>\n\t\t\t\t<\/div>\n\t\t\t\t\t<\/div>\n\t\t<\/div>\n\t\t\t\t\t<\/div>\n\t\t<\/section>\n\t\t\t\t<\/div>\n\t\t","protected":false},"excerpt":{"rendered":"<p>Caio Miolo Researcher Caio Miolo \u00e9 \u00edtalo-brasileiro (brasileiro de nascimento e italiano de ascend\u00eancia), vive na Europa desde 2017. \u00c9 doutor em Design pela Universidade de Lisboa (2021); Mestre em Design Estrat\u00e9gico pela Unisinos (2016), localizada no sul do Brasil, que tem como base te\u00f3rica o Polit\u00e9cnico de Mil\u00e3o; e graduou-se em Desenho Industrial pela [&hellip;]<\/p>\n","protected":false},"author":1,"featured_media":0,"parent":3943,"menu_order":17,"comment_status":"closed","ping_status":"closed","template":"","meta":{"inline_featured_image":false,"footnotes":""},"class_list":["post-3947","page","type-page","status-publish","hentry"],"yoast_head":"<!-- This site is optimized with the Yoast SEO plugin v27.4 - https:\/\/yoast.com\/product\/yoast-seo-wordpress\/ -->\n<title>Caio Miolo - REDES<\/title>\n<meta name=\"robots\" content=\"index, follow, max-snippet:-1, max-image-preview:large, max-video-preview:-1\" \/>\n<link rel=\"canonical\" href=\"https:\/\/redes.fa.ulisboa.pt\/en\/members\/caio-miolo\/\" \/>\n<meta property=\"og:locale\" content=\"en_US\" \/>\n<meta property=\"og:type\" content=\"article\" \/>\n<meta property=\"og:title\" content=\"Caio Miolo - REDES\" \/>\n<meta property=\"og:description\" content=\"Caio Miolo Researcher Caio Miolo \u00e9 \u00edtalo-brasileiro (brasileiro de nascimento e italiano de ascend\u00eancia), vive na Europa desde 2017. \u00c9 doutor em Design pela Universidade de Lisboa (2021); Mestre em Design Estrat\u00e9gico pela Unisinos (2016), localizada no sul do Brasil, que tem como base te\u00f3rica o Polit\u00e9cnico de Mil\u00e3o; e graduou-se em Desenho Industrial pela [&hellip;]\" \/>\n<meta property=\"og:url\" content=\"https:\/\/redes.fa.ulisboa.pt\/en\/members\/caio-miolo\/\" \/>\n<meta property=\"og:site_name\" content=\"REDES\" \/>\n<meta property=\"og:image\" content=\"https:\/\/redes.fa.ulisboa.pt\/wp-content\/uploads\/2022\/08\/cm.jpg\" \/>\n<meta name=\"twitter:card\" content=\"summary_large_image\" \/>\n<meta name=\"twitter:label1\" content=\"Est. reading time\" \/>\n\t<meta name=\"twitter:data1\" content=\"1 minute\" \/>\n<script type=\"application\/ld+json\" class=\"yoast-schema-graph\">{\"@context\":\"https:\\\/\\\/schema.org\",\"@graph\":[{\"@type\":\"WebPage\",\"@id\":\"https:\\\/\\\/redes.fa.ulisboa.pt\\\/en\\\/members\\\/caio-miolo\\\/\",\"url\":\"https:\\\/\\\/redes.fa.ulisboa.pt\\\/en\\\/members\\\/caio-miolo\\\/\",\"name\":\"Caio Miolo - REDES\",\"isPartOf\":{\"@id\":\"https:\\\/\\\/redes.fa.ulisboa.pt\\\/#website\"},\"primaryImageOfPage\":{\"@id\":\"https:\\\/\\\/redes.fa.ulisboa.pt\\\/en\\\/members\\\/caio-miolo\\\/#primaryimage\"},\"image\":{\"@id\":\"https:\\\/\\\/redes.fa.ulisboa.pt\\\/en\\\/members\\\/caio-miolo\\\/#primaryimage\"},\"thumbnailUrl\":\"https:\\\/\\\/redes.fa.ulisboa.pt\\\/wp-content\\\/uploads\\\/2022\\\/08\\\/cm.jpg\",\"datePublished\":\"2022-08-30T01:20:20+00:00\",\"breadcrumb\":{\"@id\":\"https:\\\/\\\/redes.fa.ulisboa.pt\\\/en\\\/members\\\/caio-miolo\\\/#breadcrumb\"},\"inLanguage\":\"en-US\",\"potentialAction\":[{\"@type\":\"ReadAction\",\"target\":[\"https:\\\/\\\/redes.fa.ulisboa.pt\\\/en\\\/members\\\/caio-miolo\\\/\"]}]},{\"@type\":\"ImageObject\",\"inLanguage\":\"en-US\",\"@id\":\"https:\\\/\\\/redes.fa.ulisboa.pt\\\/en\\\/members\\\/caio-miolo\\\/#primaryimage\",\"url\":\"https:\\\/\\\/redes.fa.ulisboa.pt\\\/wp-content\\\/uploads\\\/2022\\\/08\\\/cm.jpg\",\"contentUrl\":\"https:\\\/\\\/redes.fa.ulisboa.pt\\\/wp-content\\\/uploads\\\/2022\\\/08\\\/cm.jpg\"},{\"@type\":\"BreadcrumbList\",\"@id\":\"https:\\\/\\\/redes.fa.ulisboa.pt\\\/en\\\/members\\\/caio-miolo\\\/#breadcrumb\",\"itemListElement\":[{\"@type\":\"ListItem\",\"position\":1,\"name\":\"Home\",\"item\":\"https:\\\/\\\/redes.fa.ulisboa.pt\\\/en\\\/\"},{\"@type\":\"ListItem\",\"position\":2,\"name\":\"Members\",\"item\":\"https:\\\/\\\/redes.fa.ulisboa.pt\\\/en\\\/members\\\/\"},{\"@type\":\"ListItem\",\"position\":3,\"name\":\"Caio Miolo\"}]},{\"@type\":\"WebSite\",\"@id\":\"https:\\\/\\\/redes.fa.ulisboa.pt\\\/#website\",\"url\":\"https:\\\/\\\/redes.fa.ulisboa.pt\\\/\",\"name\":\"REDES\",\"description\":\"Research &amp; Education in Design\",\"publisher\":{\"@id\":\"https:\\\/\\\/redes.fa.ulisboa.pt\\\/#organization\"},\"potentialAction\":[{\"@type\":\"SearchAction\",\"target\":{\"@type\":\"EntryPoint\",\"urlTemplate\":\"https:\\\/\\\/redes.fa.ulisboa.pt\\\/?s={search_term_string}\"},\"query-input\":{\"@type\":\"PropertyValueSpecification\",\"valueRequired\":true,\"valueName\":\"search_term_string\"}}],\"inLanguage\":\"en-US\"},{\"@type\":\"Organization\",\"@id\":\"https:\\\/\\\/redes.fa.ulisboa.pt\\\/#organization\",\"name\":\"REDES\",\"url\":\"https:\\\/\\\/redes.fa.ulisboa.pt\\\/\",\"logo\":{\"@type\":\"ImageObject\",\"inLanguage\":\"en-US\",\"@id\":\"https:\\\/\\\/redes.fa.ulisboa.pt\\\/#\\\/schema\\\/logo\\\/image\\\/\",\"url\":\"https:\\\/\\\/redes.fa.ulisboa.pt\\\/wp-content\\\/uploads\\\/2022\\\/08\\\/logo.svg\",\"contentUrl\":\"https:\\\/\\\/redes.fa.ulisboa.pt\\\/wp-content\\\/uploads\\\/2022\\\/08\\\/logo.svg\",\"width\":378,\"height\":235,\"caption\":\"REDES\"},\"image\":{\"@id\":\"https:\\\/\\\/redes.fa.ulisboa.pt\\\/#\\\/schema\\\/logo\\\/image\\\/\"}}]}<\/script>\n<!-- \/ Yoast SEO plugin. -->","yoast_head_json":{"title":"Caio Miolo - REDES","robots":{"index":"index","follow":"follow","max-snippet":"max-snippet:-1","max-image-preview":"max-image-preview:large","max-video-preview":"max-video-preview:-1"},"canonical":"https:\/\/redes.fa.ulisboa.pt\/en\/members\/caio-miolo\/","og_locale":"en_US","og_type":"article","og_title":"Caio Miolo - REDES","og_description":"Caio Miolo Researcher Caio Miolo \u00e9 \u00edtalo-brasileiro (brasileiro de nascimento e italiano de ascend\u00eancia), vive na Europa desde 2017. \u00c9 doutor em Design pela Universidade de Lisboa (2021); Mestre em Design Estrat\u00e9gico pela Unisinos (2016), localizada no sul do Brasil, que tem como base te\u00f3rica o Polit\u00e9cnico de Mil\u00e3o; e graduou-se em Desenho Industrial pela [&hellip;]","og_url":"https:\/\/redes.fa.ulisboa.pt\/en\/members\/caio-miolo\/","og_site_name":"REDES","og_image":[{"url":"https:\/\/redes.fa.ulisboa.pt\/wp-content\/uploads\/2022\/08\/cm.jpg","type":"","width":"","height":""}],"twitter_card":"summary_large_image","twitter_misc":{"Est. reading time":"1 minute"},"schema":{"@context":"https:\/\/schema.org","@graph":[{"@type":"WebPage","@id":"https:\/\/redes.fa.ulisboa.pt\/en\/members\/caio-miolo\/","url":"https:\/\/redes.fa.ulisboa.pt\/en\/members\/caio-miolo\/","name":"Caio Miolo - REDES","isPartOf":{"@id":"https:\/\/redes.fa.ulisboa.pt\/#website"},"primaryImageOfPage":{"@id":"https:\/\/redes.fa.ulisboa.pt\/en\/members\/caio-miolo\/#primaryimage"},"image":{"@id":"https:\/\/redes.fa.ulisboa.pt\/en\/members\/caio-miolo\/#primaryimage"},"thumbnailUrl":"https:\/\/redes.fa.ulisboa.pt\/wp-content\/uploads\/2022\/08\/cm.jpg","datePublished":"2022-08-30T01:20:20+00:00","breadcrumb":{"@id":"https:\/\/redes.fa.ulisboa.pt\/en\/members\/caio-miolo\/#breadcrumb"},"inLanguage":"en-US","potentialAction":[{"@type":"ReadAction","target":["https:\/\/redes.fa.ulisboa.pt\/en\/members\/caio-miolo\/"]}]},{"@type":"ImageObject","inLanguage":"en-US","@id":"https:\/\/redes.fa.ulisboa.pt\/en\/members\/caio-miolo\/#primaryimage","url":"https:\/\/redes.fa.ulisboa.pt\/wp-content\/uploads\/2022\/08\/cm.jpg","contentUrl":"https:\/\/redes.fa.ulisboa.pt\/wp-content\/uploads\/2022\/08\/cm.jpg"},{"@type":"BreadcrumbList","@id":"https:\/\/redes.fa.ulisboa.pt\/en\/members\/caio-miolo\/#breadcrumb","itemListElement":[{"@type":"ListItem","position":1,"name":"Home","item":"https:\/\/redes.fa.ulisboa.pt\/en\/"},{"@type":"ListItem","position":2,"name":"Members","item":"https:\/\/redes.fa.ulisboa.pt\/en\/members\/"},{"@type":"ListItem","position":3,"name":"Caio Miolo"}]},{"@type":"WebSite","@id":"https:\/\/redes.fa.ulisboa.pt\/#website","url":"https:\/\/redes.fa.ulisboa.pt\/","name":"REDES","description":"Research &amp; Education in Design","publisher":{"@id":"https:\/\/redes.fa.ulisboa.pt\/#organization"},"potentialAction":[{"@type":"SearchAction","target":{"@type":"EntryPoint","urlTemplate":"https:\/\/redes.fa.ulisboa.pt\/?s={search_term_string}"},"query-input":{"@type":"PropertyValueSpecification","valueRequired":true,"valueName":"search_term_string"}}],"inLanguage":"en-US"},{"@type":"Organization","@id":"https:\/\/redes.fa.ulisboa.pt\/#organization","name":"REDES","url":"https:\/\/redes.fa.ulisboa.pt\/","logo":{"@type":"ImageObject","inLanguage":"en-US","@id":"https:\/\/redes.fa.ulisboa.pt\/#\/schema\/logo\/image\/","url":"https:\/\/redes.fa.ulisboa.pt\/wp-content\/uploads\/2022\/08\/logo.svg","contentUrl":"https:\/\/redes.fa.ulisboa.pt\/wp-content\/uploads\/2022\/08\/logo.svg","width":378,"height":235,"caption":"REDES"},"image":{"@id":"https:\/\/redes.fa.ulisboa.pt\/#\/schema\/logo\/image\/"}}]}},"_links":{"self":[{"href":"https:\/\/redes.fa.ulisboa.pt\/en\/wp-json\/wp\/v2\/pages\/3947","targetHints":{"allow":["GET"]}}],"collection":[{"href":"https:\/\/redes.fa.ulisboa.pt\/en\/wp-json\/wp\/v2\/pages"}],"about":[{"href":"https:\/\/redes.fa.ulisboa.pt\/en\/wp-json\/wp\/v2\/types\/page"}],"author":[{"embeddable":true,"href":"https:\/\/redes.fa.ulisboa.pt\/en\/wp-json\/wp\/v2\/users\/1"}],"replies":[{"embeddable":true,"href":"https:\/\/redes.fa.ulisboa.pt\/en\/wp-json\/wp\/v2\/comments?post=3947"}],"version-history":[{"count":0,"href":"https:\/\/redes.fa.ulisboa.pt\/en\/wp-json\/wp\/v2\/pages\/3947\/revisions"}],"up":[{"embeddable":true,"href":"https:\/\/redes.fa.ulisboa.pt\/en\/wp-json\/wp\/v2\/pages\/3943"}],"wp:attachment":[{"href":"https:\/\/redes.fa.ulisboa.pt\/en\/wp-json\/wp\/v2\/media?parent=3947"}],"curies":[{"name":"wp","href":"https:\/\/api.w.org\/{rel}","templated":true}]}}