{"id":3944,"date":"2022-08-30T02:24:41","date_gmt":"2022-08-30T01:24:41","guid":{"rendered":"https:\/\/redes.fa.ulisboa.pt\/members\/gustavo-cossio\/"},"modified":"2022-08-30T02:24:41","modified_gmt":"2022-08-30T01:24:41","slug":"gustavo-cossio","status":"publish","type":"page","link":"https:\/\/redes.fa.ulisboa.pt\/en\/members\/gustavo-cossio\/","title":{"rendered":"Gustavo Cossio"},"content":{"rendered":"\t\t<div data-elementor-type=\"wp-page\" data-elementor-id=\"3944\" class=\"elementor elementor-3944\" data-elementor-post-type=\"page\">\n\t\t\t\t\t\t<section class=\"elementor-section elementor-top-section elementor-element elementor-element-6e5b958 max-width--1000px content-centered elementor-section-boxed elementor-section-height-default elementor-section-height-default qodef-elementor-content-no\" data-id=\"6e5b958\" data-element_type=\"section\" data-e-type=\"section\">\n\t\t\t\t\t\t<div class=\"elementor-container elementor-column-gap-custom\">\n\t\t\t\t\t<div class=\"elementor-column elementor-col-33 elementor-top-column elementor-element elementor-element-8d0d886\" data-id=\"8d0d886\" data-element_type=\"column\" data-e-type=\"column\">\n\t\t\t<div class=\"elementor-widget-wrap elementor-element-populated\">\n\t\t\t\t\t\t<div class=\"elementor-element elementor-element-921f430 member-detail-img elementor-widget elementor-widget-image\" data-id=\"921f430\" data-element_type=\"widget\" data-e-type=\"widget\" data-widget_type=\"image.default\">\n\t\t\t\t<div class=\"elementor-widget-container\">\n\t\t\t\t\t\t\t\t\t\t\t\t\t\t\t<img fetchpriority=\"high\" decoding=\"async\" width=\"500\" height=\"500\" src=\"https:\/\/redes.fa.ulisboa.pt\/wp-content\/uploads\/2022\/08\/gc.jpg\" class=\"attachment-large size-large wp-image-2662\" alt=\"REDES\" srcset=\"https:\/\/redes.fa.ulisboa.pt\/wp-content\/uploads\/2022\/08\/gc.jpg 500w, https:\/\/redes.fa.ulisboa.pt\/wp-content\/uploads\/2022\/08\/gc-300x300.jpg 300w, https:\/\/redes.fa.ulisboa.pt\/wp-content\/uploads\/2022\/08\/gc-150x150.jpg 150w\" sizes=\"(max-width: 500px) 100vw, 500px\" \/>\t\t\t\t\t\t\t\t\t\t\t\t\t\t\t<\/div>\n\t\t\t\t<\/div>\n\t\t\t\t\t<\/div>\n\t\t<\/div>\n\t\t\t\t<div class=\"elementor-column elementor-col-66 elementor-top-column elementor-element elementor-element-44ce0f5\" data-id=\"44ce0f5\" data-element_type=\"column\" data-e-type=\"column\">\n\t\t\t<div class=\"elementor-widget-wrap elementor-element-populated\">\n\t\t\t\t\t\t<div class=\"elementor-element elementor-element-b377c04 elementor-widget elementor-widget-heading\" data-id=\"b377c04\" data-element_type=\"widget\" data-e-type=\"widget\" data-widget_type=\"heading.default\">\n\t\t\t\t<div class=\"elementor-widget-container\">\n\t\t\t\t\t<h1 class=\"elementor-heading-title elementor-size-xl\">Gustavo Cossio<\/h1>\t\t\t\t<\/div>\n\t\t\t\t<\/div>\n\t\t\t\t<div class=\"elementor-element elementor-element-fe6433f elementor-widget elementor-widget-text-editor\" data-id=\"fe6433f\" data-element_type=\"widget\" data-e-type=\"widget\" data-widget_type=\"text-editor.default\">\n\t\t\t\t<div class=\"elementor-widget-container\">\n\t\t\t\t\t\t\t\t\t<p><span style=\"font-size: 14pt;\">Researcher<\/span><\/p>\t\t\t\t\t\t\t\t<\/div>\n\t\t\t\t<\/div>\n\t\t\t\t<div class=\"elementor-element elementor-element-01c0327 elementor-widget elementor-widget-text-editor\" data-id=\"01c0327\" data-element_type=\"widget\" data-e-type=\"widget\" data-widget_type=\"text-editor.default\">\n\t\t\t\t<div class=\"elementor-widget-container\">\n\t\t\t\t\t\t\t\t\t<p>Gustavo was born in Porto Alegre, Rio Grande do Sul, Brazil and is a PhD student in Design at the School of Industrial Design of the State University of Rio de Janeiro [Escola Superior de Desenho Industrial da Universidade do Estado do Rio de Janeiro] &#8211; ESDI\/UERJ, Brazil (2019-current) with internship period at the Lisbon School of Architecture of the University of Lisbon &#8211; FA\/ULisboa (2021-current); FAPERJ (2019-2021) and PDSE\/CAPES (2021-2022) doctoral scholarship. Master&#8217;s degree in Design from Federal University of Rio Grande do Sul [Universidade Federal do Rio Grande do Sul] &#8211; UFRGS (2011) with CAPES scholarship; Bachelor of Design from Lutheran University of Brazil [Universidade Luterana do Brasil] &#8211; ULBRA (2006). He was a professor in the undergraduate courses of Visual Communication and Multimedia Production of the Federal Institute of Santa Catarina [Instituto Federal de Santa Catarina] &#8211; IFSC (2016-2018) and in the undergraduate courses of Design and Interior Design of Feevale University [Universidade Feevale] (2012-2016). He has fifteen years of academic experience in design education, research and university extension projects, in the following topics: social design, sustainable design, participatory design, design history, graphic design, design and cultural heritage, exhibition design and signage design. His intellectual production has been constant and accounts for 40+ published items in between articles, papers and book chapters.<\/p>\t\t\t\t\t\t\t\t<\/div>\n\t\t\t\t<\/div>\n\t\t\t\t<div class=\"elementor-element elementor-element-f831b26 elementor-widget elementor-widget-text-editor\" data-id=\"f831b26\" data-element_type=\"widget\" data-e-type=\"widget\" data-widget_type=\"text-editor.default\">\n\t\t\t\t<div class=\"elementor-widget-container\">\n\t\t\t\t\t\t\t\t\t<h5>Projects<\/h5>\t\t\t\t\t\t\t\t<\/div>\n\t\t\t\t<\/div>\n\t\t\t\t<div class=\"elementor-element elementor-element-63ba918 elementor-widget elementor-widget-text-editor\" data-id=\"63ba918\" data-element_type=\"widget\" data-e-type=\"widget\" data-widget_type=\"text-editor.default\">\n\t\t\t\t<div class=\"elementor-widget-container\">\n\t\t\t\t\t\t\t\t\t<p>Gustavo\u2019s first experience on design research was during his monograph while concluding his Bachelor degree, when he undertook participatory methodology for a visual identity and signage design project in 2006. Then he worked as a graphic designer in a design studio and later in a retail company. During that period he joined a research project focused on design history on a regional level, considering this knowledge gap in the state of Rio Grande do Sul, Brazil, in which he kept on contributing as a volunteer for ten years in parallel with other works, until he started his PhD studies. His master\u2019s dissertation concerned exhibition design with an emphasis on design exhibitions and museums, with three case studies including the Brazilian Design Biennial. Afterwards he started to teach in the undergraduate courses of Design and Interior Design of Feevale University [Universidade Feevale] where he supervised monographs on social design and was responsible for the Social Design and Sustainable Design units, respectively, both integrated with the <strong>\u2018Social Design: valorizing territories and individuals\u2019<\/strong> [Design Social: valorizando territ\u00f3rios e indiv\u00edduos] extension project that he coordinated for three years non-stop. This was a community-based project partnered with craft associations and public schools that enabled undergraduate students to develop graphic, product and environmental design projects with participatory methodology engaged with real demand. During 2013-2015 the project accounted for a total of 600 participants being mostly children and teenagers of vulnerable communities in the cities of Novo Hamburgo and S\u00e3o Leopoldo, Brazil, as well as involving a total of 100 undergraduate design students. From 2014-2016 he also coordinated a research and development project entitled <strong>\u2018Assistive technology artifact for the bath of children with disabilities or reduced mobility\u2019<\/strong> which was funded by the state\u2019s Science and Innovation Technology Development Secretary, and generated a patent request for Feevale University. Later he worked for two years as a temporary professor at the Federal Institute of Santa Catarina [Instituto Federal de Santa Catarina] &#8211; IFSC &#8211; Palho\u00e7a Bil\u00edngue campus, a bilingual Portuguese\/Brazilian Sign Language technical school, the first of its kind in the country. He taught design and photography subjects for deaf and hearing people in high school and higher education and coordinated the <strong>\u2018Retake of Palhocense Memory\u2019<\/strong> [Resgate da Mem\u00f3ria Palhocense] extension project for two years. This project integrated photography classes with heritage education in partnership with a local cultural institution and focused on telling the history of the city of Palho\u00e7a through photography production and a total of ten itinerant exhibitions in different sights from 2016-2018, all consisting of student and community work. By the end the photography collection was donated for a permanent exhibition at the local cultural institution. Next, he started his PhD studies in which he conducts a research focused on social design history and education in Brazil. During his first year as a PhD student he and a colleague partnered with <strong>\u2018Mar\u00e9 Museum\u2019<\/strong> [Museu da Mar\u00e9] a community-based cultural institution in a vulnerable area of Rio de Janeiro, in which participatory design was applied with the team in order to engage with the institution\u2019s needs, resulting in its communicational and promotional material. Then he obtained a doctoral scholarship by the brazilian government for an internship period, supervised by Prof. Dr. Rita Almendra at the Faculty of Architecture of the University of Lisbon &#8211; FA\/ULisboa (2021-2022).<\/p>\t\t\t\t\t\t\t\t<\/div>\n\t\t\t\t<\/div>\n\t\t\t\t<div class=\"elementor-element elementor-element-2e5a3ea elementor-widget elementor-widget-text-editor\" data-id=\"2e5a3ea\" data-element_type=\"widget\" data-e-type=\"widget\" data-widget_type=\"text-editor.default\">\n\t\t\t\t<div class=\"elementor-widget-container\">\n\t\t\t\t\t\t\t\t\t<h5>Papers<\/h5>\t\t\t\t\t\t\t\t<\/div>\n\t\t\t\t<\/div>\n\t\t\t\t<div class=\"elementor-element elementor-element-cd53300 elementor-widget elementor-widget-text-editor\" data-id=\"cd53300\" data-element_type=\"widget\" data-e-type=\"widget\" data-widget_type=\"text-editor.default\">\n\t\t\t\t<div class=\"elementor-widget-container\">\n\t\t\t\t\t\t\t\t\t<ul><li><a href=\"https:\/\/redes.fa.ulisboa.pt\/wp-content\/uploads\/2022\/09\/artigo-design-social-e-museologia-social.pdf\" target=\"_blank\" rel=\"noopener\" data-wplink-url-error=\"true\">Di\u00e1logos introdut\u00f3rios entre design social e museologia social<\/a><\/li><li><a href=\"https:\/\/redes.fa.ulisboa.pt\/wp-content\/uploads\/2022\/09\/artigo-spgd-museu-da-mare.pdf\" target=\"_blank\" rel=\"noopener\" data-wplink-url-error=\"true\">Imergir, identificar e empoderar: design social e as a\u00e7\u00f5es no Museu da Mar\u00e9<\/a><\/li><li><a href=\"https:\/\/redes.fa.ulisboa.pt\/wp-content\/uploads\/2022\/09\/memoria-palhocense.pdf\" target=\"_blank\" rel=\"noopener\" data-wplink-url-error=\"true\">A fotografia como dispositivo de educa\u00e7\u00e3o patrimonial no projeto de extens\u00e3o resgate da mem\u00f3ria palhocense<\/a><\/li><li><a href=\"https:\/\/redes.fa.ulisboa.pt\/wp-content\/uploads\/2022\/09\/pela-valorizacao-de-territorios-e-individuos-as-acoes-do-projeto-de-extensao-design-social.pdf\" target=\"_blank\" rel=\"noopener\" data-wplink-url-error=\"true\">Pela valoriza\u00e7\u00e3o de territ\u00f3rios e indiv\u00edduos: as a\u00e7\u00f5es do projeto de extens\u00e3o design social<\/a><\/li><\/ul>\t\t\t\t\t\t\t\t<\/div>\n\t\t\t\t<\/div>\n\t\t\t\t\t<\/div>\n\t\t<\/div>\n\t\t\t\t\t<\/div>\n\t\t<\/section>\n\t\t\t\t<section class=\"elementor-section elementor-top-section elementor-element elementor-element-ee143ef max-width--900px content-centered elementor-section-boxed elementor-section-height-default elementor-section-height-default qodef-elementor-content-no\" data-id=\"ee143ef\" data-element_type=\"section\" data-e-type=\"section\">\n\t\t\t\t\t\t<div class=\"elementor-container elementor-column-gap-default\">\n\t\t\t\t\t<div class=\"elementor-column elementor-col-100 elementor-top-column elementor-element elementor-element-26ac852\" data-id=\"26ac852\" data-element_type=\"column\" data-e-type=\"column\">\n\t\t\t<div class=\"elementor-widget-wrap elementor-element-populated\">\n\t\t\t\t\t\t<div class=\"elementor-element elementor-element-ac35932 elementor-widget elementor-widget-text-editor\" data-id=\"ac35932\" data-element_type=\"widget\" data-e-type=\"widget\" data-widget_type=\"text-editor.default\">\n\t\t\t\t<div class=\"elementor-widget-container\">\n\t\t\t\t\t\t\t\t\t<p><a class=\"news-back-btn\" href=\"https:\/\/redes.fa.ulisboa.pt\/members\/\">\u2190 Back to Members<\/a><\/p>\t\t\t\t\t\t\t\t<\/div>\n\t\t\t\t<\/div>\n\t\t\t\t\t<\/div>\n\t\t<\/div>\n\t\t\t\t\t<\/div>\n\t\t<\/section>\n\t\t\t\t<\/div>\n\t\t","protected":false},"excerpt":{"rendered":"<p>Gustavo Cossio Researcher Gustavo was born in Porto Alegre, Rio Grande do Sul, Brazil and is a PhD student in Design at the School of Industrial Design of the State University of Rio de Janeiro [Escola Superior de Desenho Industrial da Universidade do Estado do Rio de Janeiro] &#8211; ESDI\/UERJ, Brazil (2019-current) with internship period [&hellip;]<\/p>\n","protected":false},"author":1,"featured_media":0,"parent":3943,"menu_order":14,"comment_status":"closed","ping_status":"closed","template":"","meta":{"inline_featured_image":false,"footnotes":""},"class_list":["post-3944","page","type-page","status-publish","hentry"],"yoast_head":"<!-- This site is optimized with the Yoast SEO plugin v27.4 - https:\/\/yoast.com\/product\/yoast-seo-wordpress\/ -->\n<title>Gustavo Cossio - REDES<\/title>\n<meta name=\"robots\" content=\"index, follow, max-snippet:-1, max-image-preview:large, max-video-preview:-1\" \/>\n<link rel=\"canonical\" href=\"https:\/\/redes.fa.ulisboa.pt\/en\/members\/gustavo-cossio\/\" \/>\n<meta property=\"og:locale\" content=\"en_US\" \/>\n<meta property=\"og:type\" content=\"article\" \/>\n<meta property=\"og:title\" content=\"Gustavo Cossio - REDES\" \/>\n<meta property=\"og:description\" content=\"Gustavo Cossio Researcher Gustavo was born in Porto Alegre, Rio Grande do Sul, Brazil and is a PhD student in Design at the School of Industrial Design of the State University of Rio de Janeiro [Escola Superior de Desenho Industrial da Universidade do Estado do Rio de Janeiro] &#8211; ESDI\/UERJ, Brazil (2019-current) with internship period [&hellip;]\" \/>\n<meta property=\"og:url\" content=\"https:\/\/redes.fa.ulisboa.pt\/en\/members\/gustavo-cossio\/\" \/>\n<meta property=\"og:site_name\" content=\"REDES\" \/>\n<meta property=\"og:image\" content=\"https:\/\/redes.fa.ulisboa.pt\/wp-content\/uploads\/2022\/08\/gc.jpg\" \/>\n<meta name=\"twitter:card\" content=\"summary_large_image\" \/>\n<meta name=\"twitter:label1\" content=\"Est. reading time\" \/>\n\t<meta name=\"twitter:data1\" content=\"4 minutes\" \/>\n<script type=\"application\/ld+json\" class=\"yoast-schema-graph\">{\"@context\":\"https:\\\/\\\/schema.org\",\"@graph\":[{\"@type\":\"WebPage\",\"@id\":\"https:\\\/\\\/redes.fa.ulisboa.pt\\\/en\\\/members\\\/gustavo-cossio\\\/\",\"url\":\"https:\\\/\\\/redes.fa.ulisboa.pt\\\/en\\\/members\\\/gustavo-cossio\\\/\",\"name\":\"Gustavo Cossio - REDES\",\"isPartOf\":{\"@id\":\"https:\\\/\\\/redes.fa.ulisboa.pt\\\/#website\"},\"primaryImageOfPage\":{\"@id\":\"https:\\\/\\\/redes.fa.ulisboa.pt\\\/en\\\/members\\\/gustavo-cossio\\\/#primaryimage\"},\"image\":{\"@id\":\"https:\\\/\\\/redes.fa.ulisboa.pt\\\/en\\\/members\\\/gustavo-cossio\\\/#primaryimage\"},\"thumbnailUrl\":\"https:\\\/\\\/redes.fa.ulisboa.pt\\\/wp-content\\\/uploads\\\/2022\\\/08\\\/gc.jpg\",\"datePublished\":\"2022-08-30T01:24:41+00:00\",\"breadcrumb\":{\"@id\":\"https:\\\/\\\/redes.fa.ulisboa.pt\\\/en\\\/members\\\/gustavo-cossio\\\/#breadcrumb\"},\"inLanguage\":\"en-US\",\"potentialAction\":[{\"@type\":\"ReadAction\",\"target\":[\"https:\\\/\\\/redes.fa.ulisboa.pt\\\/en\\\/members\\\/gustavo-cossio\\\/\"]}]},{\"@type\":\"ImageObject\",\"inLanguage\":\"en-US\",\"@id\":\"https:\\\/\\\/redes.fa.ulisboa.pt\\\/en\\\/members\\\/gustavo-cossio\\\/#primaryimage\",\"url\":\"https:\\\/\\\/redes.fa.ulisboa.pt\\\/wp-content\\\/uploads\\\/2022\\\/08\\\/gc.jpg\",\"contentUrl\":\"https:\\\/\\\/redes.fa.ulisboa.pt\\\/wp-content\\\/uploads\\\/2022\\\/08\\\/gc.jpg\"},{\"@type\":\"BreadcrumbList\",\"@id\":\"https:\\\/\\\/redes.fa.ulisboa.pt\\\/en\\\/members\\\/gustavo-cossio\\\/#breadcrumb\",\"itemListElement\":[{\"@type\":\"ListItem\",\"position\":1,\"name\":\"Home\",\"item\":\"https:\\\/\\\/redes.fa.ulisboa.pt\\\/en\\\/\"},{\"@type\":\"ListItem\",\"position\":2,\"name\":\"Members\",\"item\":\"https:\\\/\\\/redes.fa.ulisboa.pt\\\/en\\\/members\\\/\"},{\"@type\":\"ListItem\",\"position\":3,\"name\":\"Gustavo Cossio\"}]},{\"@type\":\"WebSite\",\"@id\":\"https:\\\/\\\/redes.fa.ulisboa.pt\\\/#website\",\"url\":\"https:\\\/\\\/redes.fa.ulisboa.pt\\\/\",\"name\":\"REDES\",\"description\":\"Research &amp; Education in Design\",\"publisher\":{\"@id\":\"https:\\\/\\\/redes.fa.ulisboa.pt\\\/#organization\"},\"potentialAction\":[{\"@type\":\"SearchAction\",\"target\":{\"@type\":\"EntryPoint\",\"urlTemplate\":\"https:\\\/\\\/redes.fa.ulisboa.pt\\\/?s={search_term_string}\"},\"query-input\":{\"@type\":\"PropertyValueSpecification\",\"valueRequired\":true,\"valueName\":\"search_term_string\"}}],\"inLanguage\":\"en-US\"},{\"@type\":\"Organization\",\"@id\":\"https:\\\/\\\/redes.fa.ulisboa.pt\\\/#organization\",\"name\":\"REDES\",\"url\":\"https:\\\/\\\/redes.fa.ulisboa.pt\\\/\",\"logo\":{\"@type\":\"ImageObject\",\"inLanguage\":\"en-US\",\"@id\":\"https:\\\/\\\/redes.fa.ulisboa.pt\\\/#\\\/schema\\\/logo\\\/image\\\/\",\"url\":\"https:\\\/\\\/redes.fa.ulisboa.pt\\\/wp-content\\\/uploads\\\/2022\\\/08\\\/logo.svg\",\"contentUrl\":\"https:\\\/\\\/redes.fa.ulisboa.pt\\\/wp-content\\\/uploads\\\/2022\\\/08\\\/logo.svg\",\"width\":378,\"height\":235,\"caption\":\"REDES\"},\"image\":{\"@id\":\"https:\\\/\\\/redes.fa.ulisboa.pt\\\/#\\\/schema\\\/logo\\\/image\\\/\"}}]}<\/script>\n<!-- \/ Yoast SEO plugin. -->","yoast_head_json":{"title":"Gustavo Cossio - REDES","robots":{"index":"index","follow":"follow","max-snippet":"max-snippet:-1","max-image-preview":"max-image-preview:large","max-video-preview":"max-video-preview:-1"},"canonical":"https:\/\/redes.fa.ulisboa.pt\/en\/members\/gustavo-cossio\/","og_locale":"en_US","og_type":"article","og_title":"Gustavo Cossio - REDES","og_description":"Gustavo Cossio Researcher Gustavo was born in Porto Alegre, Rio Grande do Sul, Brazil and is a PhD student in Design at the School of Industrial Design of the State University of Rio de Janeiro [Escola Superior de Desenho Industrial da Universidade do Estado do Rio de Janeiro] &#8211; ESDI\/UERJ, Brazil (2019-current) with internship period [&hellip;]","og_url":"https:\/\/redes.fa.ulisboa.pt\/en\/members\/gustavo-cossio\/","og_site_name":"REDES","og_image":[{"url":"https:\/\/redes.fa.ulisboa.pt\/wp-content\/uploads\/2022\/08\/gc.jpg","type":"","width":"","height":""}],"twitter_card":"summary_large_image","twitter_misc":{"Est. reading time":"4 minutes"},"schema":{"@context":"https:\/\/schema.org","@graph":[{"@type":"WebPage","@id":"https:\/\/redes.fa.ulisboa.pt\/en\/members\/gustavo-cossio\/","url":"https:\/\/redes.fa.ulisboa.pt\/en\/members\/gustavo-cossio\/","name":"Gustavo Cossio - REDES","isPartOf":{"@id":"https:\/\/redes.fa.ulisboa.pt\/#website"},"primaryImageOfPage":{"@id":"https:\/\/redes.fa.ulisboa.pt\/en\/members\/gustavo-cossio\/#primaryimage"},"image":{"@id":"https:\/\/redes.fa.ulisboa.pt\/en\/members\/gustavo-cossio\/#primaryimage"},"thumbnailUrl":"https:\/\/redes.fa.ulisboa.pt\/wp-content\/uploads\/2022\/08\/gc.jpg","datePublished":"2022-08-30T01:24:41+00:00","breadcrumb":{"@id":"https:\/\/redes.fa.ulisboa.pt\/en\/members\/gustavo-cossio\/#breadcrumb"},"inLanguage":"en-US","potentialAction":[{"@type":"ReadAction","target":["https:\/\/redes.fa.ulisboa.pt\/en\/members\/gustavo-cossio\/"]}]},{"@type":"ImageObject","inLanguage":"en-US","@id":"https:\/\/redes.fa.ulisboa.pt\/en\/members\/gustavo-cossio\/#primaryimage","url":"https:\/\/redes.fa.ulisboa.pt\/wp-content\/uploads\/2022\/08\/gc.jpg","contentUrl":"https:\/\/redes.fa.ulisboa.pt\/wp-content\/uploads\/2022\/08\/gc.jpg"},{"@type":"BreadcrumbList","@id":"https:\/\/redes.fa.ulisboa.pt\/en\/members\/gustavo-cossio\/#breadcrumb","itemListElement":[{"@type":"ListItem","position":1,"name":"Home","item":"https:\/\/redes.fa.ulisboa.pt\/en\/"},{"@type":"ListItem","position":2,"name":"Members","item":"https:\/\/redes.fa.ulisboa.pt\/en\/members\/"},{"@type":"ListItem","position":3,"name":"Gustavo Cossio"}]},{"@type":"WebSite","@id":"https:\/\/redes.fa.ulisboa.pt\/#website","url":"https:\/\/redes.fa.ulisboa.pt\/","name":"REDES","description":"Research &amp; Education in Design","publisher":{"@id":"https:\/\/redes.fa.ulisboa.pt\/#organization"},"potentialAction":[{"@type":"SearchAction","target":{"@type":"EntryPoint","urlTemplate":"https:\/\/redes.fa.ulisboa.pt\/?s={search_term_string}"},"query-input":{"@type":"PropertyValueSpecification","valueRequired":true,"valueName":"search_term_string"}}],"inLanguage":"en-US"},{"@type":"Organization","@id":"https:\/\/redes.fa.ulisboa.pt\/#organization","name":"REDES","url":"https:\/\/redes.fa.ulisboa.pt\/","logo":{"@type":"ImageObject","inLanguage":"en-US","@id":"https:\/\/redes.fa.ulisboa.pt\/#\/schema\/logo\/image\/","url":"https:\/\/redes.fa.ulisboa.pt\/wp-content\/uploads\/2022\/08\/logo.svg","contentUrl":"https:\/\/redes.fa.ulisboa.pt\/wp-content\/uploads\/2022\/08\/logo.svg","width":378,"height":235,"caption":"REDES"},"image":{"@id":"https:\/\/redes.fa.ulisboa.pt\/#\/schema\/logo\/image\/"}}]}},"_links":{"self":[{"href":"https:\/\/redes.fa.ulisboa.pt\/en\/wp-json\/wp\/v2\/pages\/3944","targetHints":{"allow":["GET"]}}],"collection":[{"href":"https:\/\/redes.fa.ulisboa.pt\/en\/wp-json\/wp\/v2\/pages"}],"about":[{"href":"https:\/\/redes.fa.ulisboa.pt\/en\/wp-json\/wp\/v2\/types\/page"}],"author":[{"embeddable":true,"href":"https:\/\/redes.fa.ulisboa.pt\/en\/wp-json\/wp\/v2\/users\/1"}],"replies":[{"embeddable":true,"href":"https:\/\/redes.fa.ulisboa.pt\/en\/wp-json\/wp\/v2\/comments?post=3944"}],"version-history":[{"count":0,"href":"https:\/\/redes.fa.ulisboa.pt\/en\/wp-json\/wp\/v2\/pages\/3944\/revisions"}],"up":[{"embeddable":true,"href":"https:\/\/redes.fa.ulisboa.pt\/en\/wp-json\/wp\/v2\/pages\/3943"}],"wp:attachment":[{"href":"https:\/\/redes.fa.ulisboa.pt\/en\/wp-json\/wp\/v2\/media?parent=3944"}],"curies":[{"name":"wp","href":"https:\/\/api.w.org\/{rel}","templated":true}]}}