{"id":3938,"date":"2022-09-13T12:13:13","date_gmt":"2022-09-13T11:13:13","guid":{"rendered":"https:\/\/redes.fa.ulisboa.pt\/redes-desis-lab\/kowork\/"},"modified":"2022-10-08T17:15:20","modified_gmt":"2022-10-08T16:15:20","slug":"kowork","status":"publish","type":"page","link":"https:\/\/redes.fa.ulisboa.pt\/en\/redes-desis-lab\/kowork\/","title":{"rendered":"Kowork"},"content":{"rendered":"\t\t<div data-elementor-type=\"wp-page\" data-elementor-id=\"3938\" class=\"elementor elementor-3938\" data-elementor-post-type=\"page\">\n\t\t\t\t\t\t<section class=\"elementor-section elementor-top-section elementor-element elementor-element-ee143ef max-width--900px content-centered elementor-section-boxed elementor-section-height-default elementor-section-height-default qodef-elementor-content-no\" data-id=\"ee143ef\" data-element_type=\"section\" data-e-type=\"section\">\n\t\t\t\t\t\t<div class=\"elementor-container elementor-column-gap-default\">\n\t\t\t\t\t<div class=\"elementor-column elementor-col-100 elementor-top-column elementor-element elementor-element-26ac852\" data-id=\"26ac852\" data-element_type=\"column\" data-e-type=\"column\">\n\t\t\t<div class=\"elementor-widget-wrap elementor-element-populated\">\n\t\t\t\t\t\t<div class=\"elementor-element elementor-element-ed9243d elementor-widget elementor-widget-heading\" data-id=\"ed9243d\" data-element_type=\"widget\" data-e-type=\"widget\" data-widget_type=\"heading.default\">\n\t\t\t\t<div class=\"elementor-widget-container\">\n\t\t\t\t\t<h1 class=\"elementor-heading-title elementor-size-xl\">Kowork<\/h1>\t\t\t\t<\/div>\n\t\t\t\t<\/div>\n\t\t\t\t<div class=\"elementor-element elementor-element-479d51f elementor--h-position-center elementor--v-position-middle elementor-arrows-position-inside elementor-widget elementor-widget-slides\" data-id=\"479d51f\" data-element_type=\"widget\" data-e-type=\"widget\" data-settings=\"{&quot;navigation&quot;:&quot;arrows&quot;,&quot;autoplay&quot;:&quot;yes&quot;,&quot;pause_on_hover&quot;:&quot;yes&quot;,&quot;pause_on_interaction&quot;:&quot;yes&quot;,&quot;autoplay_speed&quot;:5000,&quot;infinite&quot;:&quot;yes&quot;,&quot;transition&quot;:&quot;slide&quot;,&quot;transition_speed&quot;:500}\" data-widget_type=\"slides.default\">\n\t\t\t\t<div class=\"elementor-widget-container\">\n\t\t\t\t\t\t\t<div class=\"elementor-swiper\">\n\t\t\t<div class=\"elementor-slides-wrapper elementor-main-swiper swiper-container\" dir=\"ltr\" data-animation=\"fadeInUp\">\n\t\t\t\t<div class=\"swiper-wrapper elementor-slides\">\n\t\t\t\t\t\t\t\t\t\t<div class=\"elementor-repeater-item-cf82cf3 swiper-slide\"><div class=\"swiper-slide-bg\" role=\"img\"><\/div><div class=\"swiper-slide-inner\" ><div class=\"swiper-slide-contents\"><\/div><\/div><\/div><div class=\"elementor-repeater-item-1382b6a swiper-slide\"><div class=\"swiper-slide-bg\" role=\"img\"><\/div><div class=\"swiper-slide-inner\" ><div class=\"swiper-slide-contents\"><\/div><\/div><\/div><div class=\"elementor-repeater-item-9af0696 swiper-slide\"><div class=\"swiper-slide-bg\" role=\"img\"><\/div><div class=\"swiper-slide-inner\" ><div class=\"swiper-slide-contents\"><\/div><\/div><\/div><div class=\"elementor-repeater-item-83c4bac swiper-slide\"><div class=\"swiper-slide-bg\" role=\"img\"><\/div><div class=\"swiper-slide-inner\" ><div class=\"swiper-slide-contents\"><\/div><\/div><\/div><div class=\"elementor-repeater-item-af81028 swiper-slide\"><div class=\"swiper-slide-bg\" role=\"img\"><\/div><div class=\"swiper-slide-inner\" ><div class=\"swiper-slide-contents\"><\/div><\/div><\/div>\t\t\t\t<\/div>\n\t\t\t\t\t\t\t\t\t\t\t\t\t\t\t\t\t\t\t\t<div class=\"elementor-swiper-button elementor-swiper-button-prev\" role=\"button\" tabindex=\"0\">\n\t\t\t\t\t\t\t<i aria-hidden=\"true\" class=\"eicon-chevron-left\"><\/i>\t\t\t\t\t\t\t<span class=\"elementor-screen-only\">Previous slide<\/span>\n\t\t\t\t\t\t<\/div>\n\t\t\t\t\t\t<div class=\"elementor-swiper-button elementor-swiper-button-next\" role=\"button\" tabindex=\"0\">\n\t\t\t\t\t\t\t<i aria-hidden=\"true\" class=\"eicon-chevron-right\"><\/i>\t\t\t\t\t\t\t<span class=\"elementor-screen-only\">Next slide<\/span>\n\t\t\t\t\t\t<\/div>\n\t\t\t\t\t\t\t\t\t\t\t\t<\/div>\n\t\t<\/div>\n\t\t\t\t\t\t<\/div>\n\t\t\t\t<\/div>\n\t\t\t\t<div class=\"elementor-element elementor-element-4119b79 elementor-widget elementor-widget-text-editor\" data-id=\"4119b79\" data-element_type=\"widget\" data-e-type=\"widget\" data-widget_type=\"text-editor.default\">\n\t\t\t\t<div class=\"elementor-widget-container\">\n\t\t\t\t\t\t\t\t\t<p>Socially engaged art project developed in a neighbourhood of illegal construction in Amadora, on the outskirts of Lisbon, specifically the Bairro do Alto da Cova da Moura. The social initiative was created and boosted by ACMJ \u2013 Associa\u00e7\u00e3o Cultural Moinho da Juventude, Gabinete de Apoio ao Emprego e Empreendedorismo, GIP \u2013 Gabinete de Inser\u00e7\u00e3o Profissional &#8220;O Moinho\u201d and the research group GESTUAL (CIAUD\/FAULisboa). Its primary objective was the qualification of young adults so they can be better prepared to respond to possible job opportunities or to create their business initiatives. In the first phase, the participants collaborated to develop a co-design project that resulted in a proposal to build a multipurpose wooden structure in one of the main neighbourhood squares, whose construction was not allowed. In the second phase, other ideas were developed, which led to the construction of three urban furniture pieces.<\/p>\t\t\t\t\t\t\t\t<\/div>\n\t\t\t\t<\/div>\n\t\t\t\t<div class=\"elementor-element elementor-element-6d7e95a elementor-widget elementor-widget-text-editor\" data-id=\"6d7e95a\" data-element_type=\"widget\" data-e-type=\"widget\" data-widget_type=\"text-editor.default\">\n\t\t\t\t<div class=\"elementor-widget-container\">\n\t\t\t\t\t\t\t\t\t<h5>Credits<\/h5>\t\t\t\t\t\t\t\t<\/div>\n\t\t\t\t<\/div>\n\t\t\t\t<div class=\"elementor-element elementor-element-e1ff48d elementor-widget elementor-widget-text-editor\" data-id=\"e1ff48d\" data-element_type=\"widget\" data-e-type=\"widget\" data-widget_type=\"text-editor.default\">\n\t\t\t\t<div class=\"elementor-widget-container\">\n\t\t\t\t\t\t\t\t\t<p><span style=\"font-size: 12pt;\"><strong>Partners:<\/strong> ACMJ \u2013 Associa\u00e7\u00e3o Cultural Moinho da Juventude, Employment and Entrepreneurship Office, GIP \u2013 Gabinete de Inser\u00e7\u00e3o Profissional &#8220;O Moinho\u201d, research group GESTUAL (CIAUD\/FAULisboa)<br \/><strong style=\"font-size: 12pt;\">Participants:<\/strong><span style=\"font-size: 12pt;\"> Residents of Bairro Alto da Cova da Moura, Amadora (Greater Lisbon)\u00a0<\/span><br \/><\/span><span style=\"font-size: 12pt;\"><strong>Design Team<\/strong> and course coordinators: Ant\u00f3nio Pinto, Delano Rodrigues, Nat\u00e1lia Plentz e In\u00eas Veiga.<br \/><strong>Graphic Design:<\/strong> In\u00eas Veiga\u00a0<br \/><strong>Photography and Video:<\/strong> Ant\u00f3nio Gorgel Pinto<br \/><strong>Product Design:<\/strong> Ant\u00f3nio Gorgel Pinto e In\u00eas Veiga<\/span><\/p>\t\t\t\t\t\t\t\t<\/div>\n\t\t\t\t<\/div>\n\t\t\t\t<div class=\"elementor-element elementor-element-166d817 elementor-widget elementor-widget-text-editor\" data-id=\"166d817\" data-element_type=\"widget\" data-e-type=\"widget\" data-widget_type=\"text-editor.default\">\n\t\t\t\t<div class=\"elementor-widget-container\">\n\t\t\t\t\t\t\t\t\t<h5>Project duration<\/h5>\t\t\t\t\t\t\t\t<\/div>\n\t\t\t\t<\/div>\n\t\t\t\t<div class=\"elementor-element elementor-element-9824a8f elementor-widget elementor-widget-text-editor\" data-id=\"9824a8f\" data-element_type=\"widget\" data-e-type=\"widget\" data-widget_type=\"text-editor.default\">\n\t\t\t\t<div class=\"elementor-widget-container\">\n\t\t\t\t\t\t\t\t\t<p>2015 \u2013 2017<\/p>\t\t\t\t\t\t\t\t<\/div>\n\t\t\t\t<\/div>\n\t\t\t\t<div class=\"elementor-element elementor-element-eca405f elementor-widget elementor-widget-text-editor\" data-id=\"eca405f\" data-element_type=\"widget\" data-e-type=\"widget\" data-widget_type=\"text-editor.default\">\n\t\t\t\t<div class=\"elementor-widget-container\">\n\t\t\t\t\t\t\t\t\t<h5>Documentary<\/h5>\t\t\t\t\t\t\t\t<\/div>\n\t\t\t\t<\/div>\n\t\t\t\t<div class=\"elementor-element elementor-element-caeff23 elementor-widget elementor-widget-video\" data-id=\"caeff23\" data-element_type=\"widget\" data-e-type=\"widget\" data-settings=\"{&quot;youtube_url&quot;:&quot;https:\\\/\\\/www.youtube.com\\\/watch?v=T35b_g0fgR0&quot;,&quot;video_type&quot;:&quot;youtube&quot;,&quot;controls&quot;:&quot;yes&quot;}\" data-widget_type=\"video.default\">\n\t\t\t\t<div class=\"elementor-widget-container\">\n\t\t\t\t\t\t\t<div class=\"elementor-wrapper elementor-open-inline\">\n\t\t\t<div class=\"elementor-video\"><\/div>\t\t<\/div>\n\t\t\t\t\t\t<\/div>\n\t\t\t\t<\/div>\n\t\t\t\t<div class=\"elementor-element elementor-element-d1e4054 elementor-widget elementor-widget-text-editor\" data-id=\"d1e4054\" data-element_type=\"widget\" data-e-type=\"widget\" data-widget_type=\"text-editor.default\">\n\t\t\t\t<div class=\"elementor-widget-container\">\n\t\t\t\t\t\t\t\t\t<h5>Furniture<\/h5>\t\t\t\t\t\t\t\t<\/div>\n\t\t\t\t<\/div>\n\t\t\t\t<div class=\"elementor-element elementor-element-f6c9287 elementor--h-position-center elementor--v-position-middle elementor-arrows-position-inside elementor-widget elementor-widget-slides\" data-id=\"f6c9287\" data-element_type=\"widget\" data-e-type=\"widget\" data-settings=\"{&quot;navigation&quot;:&quot;arrows&quot;,&quot;autoplay&quot;:&quot;yes&quot;,&quot;pause_on_hover&quot;:&quot;yes&quot;,&quot;pause_on_interaction&quot;:&quot;yes&quot;,&quot;autoplay_speed&quot;:5000,&quot;infinite&quot;:&quot;yes&quot;,&quot;transition&quot;:&quot;slide&quot;,&quot;transition_speed&quot;:500}\" data-widget_type=\"slides.default\">\n\t\t\t\t<div class=\"elementor-widget-container\">\n\t\t\t\t\t\t\t<div class=\"elementor-swiper\">\n\t\t\t<div class=\"elementor-slides-wrapper elementor-main-swiper swiper-container\" dir=\"ltr\" data-animation=\"fadeInUp\">\n\t\t\t\t<div class=\"swiper-wrapper elementor-slides\">\n\t\t\t\t\t\t\t\t\t\t<div class=\"elementor-repeater-item-cf82cf3 swiper-slide\"><div class=\"swiper-slide-bg\" role=\"img\"><\/div><div class=\"swiper-slide-inner\" ><div class=\"swiper-slide-contents\"><\/div><\/div><\/div><div class=\"elementor-repeater-item-7630c0e swiper-slide\"><div class=\"swiper-slide-bg\" role=\"img\"><\/div><div class=\"swiper-slide-inner\" ><div class=\"swiper-slide-contents\"><\/div><\/div><\/div><div class=\"elementor-repeater-item-79079bd swiper-slide\"><div class=\"swiper-slide-bg\" role=\"img\"><\/div><div class=\"swiper-slide-inner\" ><div class=\"swiper-slide-contents\"><\/div><\/div><\/div><div class=\"elementor-repeater-item-c1e3ba6 swiper-slide\"><div class=\"swiper-slide-bg\" role=\"img\"><\/div><div class=\"swiper-slide-inner\" ><div class=\"swiper-slide-contents\"><\/div><\/div><\/div><div class=\"elementor-repeater-item-db95acd swiper-slide\"><div class=\"swiper-slide-bg\" role=\"img\"><\/div><div class=\"swiper-slide-inner\" ><div class=\"swiper-slide-contents\"><\/div><\/div><\/div><div class=\"elementor-repeater-item-2f66a90 swiper-slide\"><div class=\"swiper-slide-bg\" role=\"img\"><\/div><div class=\"swiper-slide-inner\" ><div class=\"swiper-slide-contents\"><\/div><\/div><\/div>\t\t\t\t<\/div>\n\t\t\t\t\t\t\t\t\t\t\t\t\t\t\t\t\t\t\t\t<div class=\"elementor-swiper-button elementor-swiper-button-prev\" role=\"button\" tabindex=\"0\">\n\t\t\t\t\t\t\t<i aria-hidden=\"true\" class=\"eicon-chevron-left\"><\/i>\t\t\t\t\t\t\t<span class=\"elementor-screen-only\">Previous slide<\/span>\n\t\t\t\t\t\t<\/div>\n\t\t\t\t\t\t<div class=\"elementor-swiper-button elementor-swiper-button-next\" role=\"button\" tabindex=\"0\">\n\t\t\t\t\t\t\t<i aria-hidden=\"true\" class=\"eicon-chevron-right\"><\/i>\t\t\t\t\t\t\t<span class=\"elementor-screen-only\">Next slide<\/span>\n\t\t\t\t\t\t<\/div>\n\t\t\t\t\t\t\t\t\t\t\t\t<\/div>\n\t\t<\/div>\n\t\t\t\t\t\t<\/div>\n\t\t\t\t<\/div>\n\t\t\t\t<div class=\"elementor-element elementor-element-44e81fa elementor-widget elementor-widget-text-editor\" data-id=\"44e81fa\" data-element_type=\"widget\" data-e-type=\"widget\" data-widget_type=\"text-editor.default\">\n\t\t\t\t<div class=\"elementor-widget-container\">\n\t\t\t\t\t\t\t\t\t<h5>Furniture building instructions<\/h5>\t\t\t\t\t\t\t\t<\/div>\n\t\t\t\t<\/div>\n\t\t\t\t<div class=\"elementor-element elementor-element-30600bb elementor-widget elementor-widget-text-editor\" data-id=\"30600bb\" data-element_type=\"widget\" data-e-type=\"widget\" data-widget_type=\"text-editor.default\">\n\t\t\t\t<div class=\"elementor-widget-container\">\n\t\t\t\t\t\t\t\t\t<ul><li><strong>Bench<\/strong> |\u00a0<a href=\"https:\/\/redes.fa.ulisboa.pt\/wp-content\/uploads\/2022\/09\/banco_de_jardim_kowork.pdf\" target=\"_blank\" rel=\"noopener\" data-wplink-url-error=\"true\"><span style=\"font-size: 10pt;\">download PDF<\/span><\/a><\/li><li><strong>Garbage can<\/strong> |\u00a0<a href=\"https:\/\/redes.fa.ulisboa.pt\/wp-content\/uploads\/2022\/09\/caixote_de_lixo_kowork.pdf\" target=\"_blank\" rel=\"noopener\" data-wplink-url-error=\"true\"><span style=\"font-size: 10pt;\">download PDF<\/span><\/a><\/li><li><strong>Composter<\/strong> |\u00a0<a href=\"https:\/\/redes.fa.ulisboa.pt\/wp-content\/uploads\/2022\/09\/composteira_kowork.pdf\" target=\"_blank\" rel=\"noopener\" data-wplink-url-error=\"true\"><span style=\"font-size: 10pt;\">download PDF<\/span><\/a><\/li><\/ul>\t\t\t\t\t\t\t\t<\/div>\n\t\t\t\t<\/div>\n\t\t\t\t<div class=\"elementor-element elementor-element-ac35932 elementor-widget elementor-widget-text-editor\" data-id=\"ac35932\" data-element_type=\"widget\" data-e-type=\"widget\" data-widget_type=\"text-editor.default\">\n\t\t\t\t<div class=\"elementor-widget-container\">\n\t\t\t\t\t\t\t\t\t<a class=\"news-back-btn\" href=\"https:\/\/redes.fa.ulisboa.pt\/redes-desis-lab\/\">\u2190 Back to REDES DESIS LAB<\/a>\t\t\t\t\t\t\t\t<\/div>\n\t\t\t\t<\/div>\n\t\t\t\t\t<\/div>\n\t\t<\/div>\n\t\t\t\t\t<\/div>\n\t\t<\/section>\n\t\t\t\t<\/div>\n\t\t","protected":false},"excerpt":{"rendered":"<p>Kowork Previous Next Socially engaged art project developed in a neighbourhood of illegal construction in Amadora, on the outskirts of Lisbon, specifically the Bairro do Alto da Cova da Moura. The social initiative was created and boosted by ACMJ \u2013 Associa\u00e7\u00e3o Cultural Moinho da Juventude, Gabinete de Apoio ao Emprego e Empreendedorismo, GIP \u2013 Gabinete [&hellip;]<\/p>\n","protected":false},"author":1,"featured_media":0,"parent":3932,"menu_order":7,"comment_status":"closed","ping_status":"closed","template":"","meta":{"inline_featured_image":false,"footnotes":""},"class_list":["post-3938","page","type-page","status-publish","hentry"],"yoast_head":"<!-- This site is optimized with the Yoast SEO plugin v27.4 - https:\/\/yoast.com\/product\/yoast-seo-wordpress\/ -->\n<title>Kowork - REDES<\/title>\n<meta name=\"robots\" content=\"index, follow, max-snippet:-1, max-image-preview:large, max-video-preview:-1\" \/>\n<link rel=\"canonical\" href=\"https:\/\/redes.fa.ulisboa.pt\/en\/redes-desis-lab\/kowork\/\" \/>\n<meta property=\"og:locale\" content=\"en_US\" \/>\n<meta property=\"og:type\" content=\"article\" \/>\n<meta property=\"og:title\" content=\"Kowork - REDES\" \/>\n<meta property=\"og:description\" content=\"Kowork Previous Next Socially engaged art project developed in a neighbourhood of illegal construction in Amadora, on the outskirts of Lisbon, specifically the Bairro do Alto da Cova da Moura. The social initiative was created and boosted by ACMJ \u2013 Associa\u00e7\u00e3o Cultural Moinho da Juventude, Gabinete de Apoio ao Emprego e Empreendedorismo, GIP \u2013 Gabinete [&hellip;]\" \/>\n<meta property=\"og:url\" content=\"https:\/\/redes.fa.ulisboa.pt\/redes-desis-lab\/kowork\/\" \/>\n<meta property=\"og:site_name\" content=\"REDES\" \/>\n<meta property=\"article:modified_time\" content=\"2022-10-08T16:15:20+00:00\" \/>\n<meta property=\"og:image\" content=\"https:\/\/redes.fa.ulisboa.pt\/wp-content\/uploads\/2022\/09\/social.png\" \/>\n\t<meta property=\"og:image:width\" content=\"1200\" \/>\n\t<meta property=\"og:image:height\" content=\"630\" \/>\n\t<meta property=\"og:image:type\" content=\"image\/png\" \/>\n<meta name=\"twitter:card\" content=\"summary_large_image\" \/>\n<meta name=\"twitter:label1\" content=\"Est. reading time\" \/>\n\t<meta name=\"twitter:data1\" content=\"1 minute\" \/>\n<script type=\"application\/ld+json\" class=\"yoast-schema-graph\">{\"@context\":\"https:\\\/\\\/schema.org\",\"@graph\":[{\"@type\":\"WebPage\",\"@id\":\"https:\\\/\\\/redes.fa.ulisboa.pt\\\/redes-desis-lab\\\/kowork\\\/\",\"url\":\"https:\\\/\\\/redes.fa.ulisboa.pt\\\/redes-desis-lab\\\/kowork\\\/\",\"name\":\"Kowork - REDES\",\"isPartOf\":{\"@id\":\"https:\\\/\\\/redes.fa.ulisboa.pt\\\/#website\"},\"datePublished\":\"2022-09-13T11:13:13+00:00\",\"dateModified\":\"2022-10-08T16:15:20+00:00\",\"breadcrumb\":{\"@id\":\"https:\\\/\\\/redes.fa.ulisboa.pt\\\/redes-desis-lab\\\/kowork\\\/#breadcrumb\"},\"inLanguage\":\"en-US\",\"potentialAction\":[{\"@type\":\"ReadAction\",\"target\":[\"https:\\\/\\\/redes.fa.ulisboa.pt\\\/redes-desis-lab\\\/kowork\\\/\"]}]},{\"@type\":\"BreadcrumbList\",\"@id\":\"https:\\\/\\\/redes.fa.ulisboa.pt\\\/redes-desis-lab\\\/kowork\\\/#breadcrumb\",\"itemListElement\":[{\"@type\":\"ListItem\",\"position\":1,\"name\":\"Home\",\"item\":\"https:\\\/\\\/redes.fa.ulisboa.pt\\\/en\\\/\"},{\"@type\":\"ListItem\",\"position\":2,\"name\":\"REDES DESIS Lab\",\"item\":\"https:\\\/\\\/redes.fa.ulisboa.pt\\\/en\\\/redes-desis-lab\\\/\"},{\"@type\":\"ListItem\",\"position\":3,\"name\":\"Kowork\"}]},{\"@type\":\"WebSite\",\"@id\":\"https:\\\/\\\/redes.fa.ulisboa.pt\\\/#website\",\"url\":\"https:\\\/\\\/redes.fa.ulisboa.pt\\\/\",\"name\":\"REDES\",\"description\":\"Research &amp; Education in Design\",\"publisher\":{\"@id\":\"https:\\\/\\\/redes.fa.ulisboa.pt\\\/#organization\"},\"potentialAction\":[{\"@type\":\"SearchAction\",\"target\":{\"@type\":\"EntryPoint\",\"urlTemplate\":\"https:\\\/\\\/redes.fa.ulisboa.pt\\\/?s={search_term_string}\"},\"query-input\":{\"@type\":\"PropertyValueSpecification\",\"valueRequired\":true,\"valueName\":\"search_term_string\"}}],\"inLanguage\":\"en-US\"},{\"@type\":\"Organization\",\"@id\":\"https:\\\/\\\/redes.fa.ulisboa.pt\\\/#organization\",\"name\":\"REDES\",\"url\":\"https:\\\/\\\/redes.fa.ulisboa.pt\\\/\",\"logo\":{\"@type\":\"ImageObject\",\"inLanguage\":\"en-US\",\"@id\":\"https:\\\/\\\/redes.fa.ulisboa.pt\\\/#\\\/schema\\\/logo\\\/image\\\/\",\"url\":\"https:\\\/\\\/redes.fa.ulisboa.pt\\\/wp-content\\\/uploads\\\/2022\\\/08\\\/logo.svg\",\"contentUrl\":\"https:\\\/\\\/redes.fa.ulisboa.pt\\\/wp-content\\\/uploads\\\/2022\\\/08\\\/logo.svg\",\"width\":378,\"height\":235,\"caption\":\"REDES\"},\"image\":{\"@id\":\"https:\\\/\\\/redes.fa.ulisboa.pt\\\/#\\\/schema\\\/logo\\\/image\\\/\"}}]}<\/script>\n<!-- \/ Yoast SEO plugin. -->","yoast_head_json":{"title":"Kowork - REDES","robots":{"index":"index","follow":"follow","max-snippet":"max-snippet:-1","max-image-preview":"max-image-preview:large","max-video-preview":"max-video-preview:-1"},"canonical":"https:\/\/redes.fa.ulisboa.pt\/en\/redes-desis-lab\/kowork\/","og_locale":"en_US","og_type":"article","og_title":"Kowork - REDES","og_description":"Kowork Previous Next Socially engaged art project developed in a neighbourhood of illegal construction in Amadora, on the outskirts of Lisbon, specifically the Bairro do Alto da Cova da Moura. The social initiative was created and boosted by ACMJ \u2013 Associa\u00e7\u00e3o Cultural Moinho da Juventude, Gabinete de Apoio ao Emprego e Empreendedorismo, GIP \u2013 Gabinete [&hellip;]","og_url":"https:\/\/redes.fa.ulisboa.pt\/redes-desis-lab\/kowork\/","og_site_name":"REDES","article_modified_time":"2022-10-08T16:15:20+00:00","og_image":[{"width":1200,"height":630,"url":"https:\/\/redes.fa.ulisboa.pt\/wp-content\/uploads\/2022\/09\/social.png","type":"image\/png"}],"twitter_card":"summary_large_image","twitter_misc":{"Est. reading time":"1 minute"},"schema":{"@context":"https:\/\/schema.org","@graph":[{"@type":"WebPage","@id":"https:\/\/redes.fa.ulisboa.pt\/redes-desis-lab\/kowork\/","url":"https:\/\/redes.fa.ulisboa.pt\/redes-desis-lab\/kowork\/","name":"Kowork - REDES","isPartOf":{"@id":"https:\/\/redes.fa.ulisboa.pt\/#website"},"datePublished":"2022-09-13T11:13:13+00:00","dateModified":"2022-10-08T16:15:20+00:00","breadcrumb":{"@id":"https:\/\/redes.fa.ulisboa.pt\/redes-desis-lab\/kowork\/#breadcrumb"},"inLanguage":"en-US","potentialAction":[{"@type":"ReadAction","target":["https:\/\/redes.fa.ulisboa.pt\/redes-desis-lab\/kowork\/"]}]},{"@type":"BreadcrumbList","@id":"https:\/\/redes.fa.ulisboa.pt\/redes-desis-lab\/kowork\/#breadcrumb","itemListElement":[{"@type":"ListItem","position":1,"name":"Home","item":"https:\/\/redes.fa.ulisboa.pt\/en\/"},{"@type":"ListItem","position":2,"name":"REDES DESIS Lab","item":"https:\/\/redes.fa.ulisboa.pt\/en\/redes-desis-lab\/"},{"@type":"ListItem","position":3,"name":"Kowork"}]},{"@type":"WebSite","@id":"https:\/\/redes.fa.ulisboa.pt\/#website","url":"https:\/\/redes.fa.ulisboa.pt\/","name":"REDES","description":"Research &amp; Education in Design","publisher":{"@id":"https:\/\/redes.fa.ulisboa.pt\/#organization"},"potentialAction":[{"@type":"SearchAction","target":{"@type":"EntryPoint","urlTemplate":"https:\/\/redes.fa.ulisboa.pt\/?s={search_term_string}"},"query-input":{"@type":"PropertyValueSpecification","valueRequired":true,"valueName":"search_term_string"}}],"inLanguage":"en-US"},{"@type":"Organization","@id":"https:\/\/redes.fa.ulisboa.pt\/#organization","name":"REDES","url":"https:\/\/redes.fa.ulisboa.pt\/","logo":{"@type":"ImageObject","inLanguage":"en-US","@id":"https:\/\/redes.fa.ulisboa.pt\/#\/schema\/logo\/image\/","url":"https:\/\/redes.fa.ulisboa.pt\/wp-content\/uploads\/2022\/08\/logo.svg","contentUrl":"https:\/\/redes.fa.ulisboa.pt\/wp-content\/uploads\/2022\/08\/logo.svg","width":378,"height":235,"caption":"REDES"},"image":{"@id":"https:\/\/redes.fa.ulisboa.pt\/#\/schema\/logo\/image\/"}}]}},"_links":{"self":[{"href":"https:\/\/redes.fa.ulisboa.pt\/en\/wp-json\/wp\/v2\/pages\/3938","targetHints":{"allow":["GET"]}}],"collection":[{"href":"https:\/\/redes.fa.ulisboa.pt\/en\/wp-json\/wp\/v2\/pages"}],"about":[{"href":"https:\/\/redes.fa.ulisboa.pt\/en\/wp-json\/wp\/v2\/types\/page"}],"author":[{"embeddable":true,"href":"https:\/\/redes.fa.ulisboa.pt\/en\/wp-json\/wp\/v2\/users\/1"}],"replies":[{"embeddable":true,"href":"https:\/\/redes.fa.ulisboa.pt\/en\/wp-json\/wp\/v2\/comments?post=3938"}],"version-history":[{"count":9,"href":"https:\/\/redes.fa.ulisboa.pt\/en\/wp-json\/wp\/v2\/pages\/3938\/revisions"}],"predecessor-version":[{"id":4654,"href":"https:\/\/redes.fa.ulisboa.pt\/en\/wp-json\/wp\/v2\/pages\/3938\/revisions\/4654"}],"up":[{"embeddable":true,"href":"https:\/\/redes.fa.ulisboa.pt\/en\/wp-json\/wp\/v2\/pages\/3932"}],"wp:attachment":[{"href":"https:\/\/redes.fa.ulisboa.pt\/en\/wp-json\/wp\/v2\/media?parent=3938"}],"curies":[{"name":"wp","href":"https:\/\/api.w.org\/{rel}","templated":true}]}}